{"id":14010,"date":"2024-02-21T16:28:04","date_gmt":"2024-02-21T16:28:04","guid":{"rendered":"https:\/\/babycust.com\/produit\/jabador-strampler-cape-smaragdgrunen\/"},"modified":"2026-01-22T11:42:10","modified_gmt":"2026-01-22T11:42:10","slug":"jabador-strampler-cape-smaragdgrunen","status":"publish","type":"product","link":"https:\/\/babycust.com\/de\/produkt\/jabador-strampler-cape-smaragdgrunen\/","title":{"rendered":"Jabador Strampler mit Cape &#8211; Wei\u00df und Smaragdgr\u00fcn"},"content":{"rendered":"<header><\/header>\n<section>Schenken Sie Ihrem Baby-Jungen ein Outfit, das Tradition und Raffinesse mit unserem Jabador-Strampler, der von seinem \u00fcppigen <strong>smaragdgr\u00fcnen <\/strong>Cape begleitet wird. Perfekt f\u00fcr alle gro\u00dfen Anl\u00e4sse, feiert dieses handgefertigte Outfit marokkanische Handwerkskunst und sorgt gleichzeitig f\u00fcr Komfort und Eleganz. <\/section>\n<section>\n<h2>Ein eleganter und praktischer Jabador-Strampler<\/h2>\n<ul>\n<li>Raffiniertes Design: Der Strampler ist aus einem weichen und flie\u00dfenden wei\u00dfen Cr\u00eape-Stoff gefertigt, der durch eine goldfarbene Sfifa-Farbe hervorgehoben wird, die einen luxuri\u00f6sen und harmonischen Touch verleiht.<\/li>\n<li>Einzigartiger Vorteil: Das <strong>smaragdgr\u00fcne <\/strong>Cape (selham oder burnous), das ebenfalls mit dem gleichen sfifa verziert ist, hebt das Ganze hervor und bietet Ihrem Baby einen majest\u00e4tischen Look.<\/li>\n<li>Vielseitigkeit: Ideal f\u00fcr Veranstaltungen wie eine Hochzeit, Eid, <strong>Tahara <\/strong>(Beschneidung) oder <strong>Aqiqa <\/strong>(Geburtstagsfeier).<\/li>\n<li>Komfort an erster Stelle: Dieses Outfit wurde f\u00fcr die empfindliche Haut von Babys entwickelt und bietet optimalen Komfort bei gleichzeitig anspruchsvollem Styling.<\/li>\n<\/ul>\n<\/section>\n<section>\n<h2>Technische Daten<\/h2>\n<p>Erh\u00e4ltlich in verschiedenen Gr\u00f6\u00dfen: 1 Monat, 3 Monate, 6 Monate, 9 Monate und 12 Monate. Um die Qualit\u00e4t der Stoffe zu erhalten, empfehlen wir eine Handw\u00e4sche. <\/p>\n<\/section>\n<section>\n<h2>Warum sollte ich diesen Jabador-Strampler w\u00e4hlen?<\/h2>\n<p>Dieses Modell von <strong>BabyCust <\/strong>ist die ideale Wahl, um wichtige Momente im Leben Ihres Babys festzuhalten. Mit seiner Mischung aus Tradition und Moderne garantiert er Ihrem Kind einen unvergesslichen Auftritt. <\/p>\n<\/section>\n<section>\n<h3>Entdecken Sie unsere anderen traditionellen Kinderoutfits<\/h3>\n<p>Z\u00f6gern Sie nicht, unsere komplette Kollektion von <a href=\"\/de\/produktkategorien\/jabador-strampler-baby\/\"><u>Jabador Strampler<\/u><\/a>, <a href=\"\/de\/produktkategorien\/jabador-junge-baby-kind\/\"><u>Jabador f\u00fcr Jungen<\/u><\/a>, <a href=\"\/de\/produktkategorien\/kaftan-madchen\/\"><u>Caftan f\u00fcr M\u00e4dchen<\/u><\/a> und andere traditionelle marokkanische Kleidung f\u00fcr Kinder zu erkunden.<\/p>\n<\/section>\n<section>Bestellen Sie noch heute diesen Jabador-Strampler mit smaragdgr\u00fcnem Cape und schaffen Sie unvergessliche Erinnerungen mit Ihrem Baby. Schnelle Lieferung und engagierter Kundenservice bei <strong>BabyCust<\/strong>. <\/section>\n","protected":false},"excerpt":{"rendered":"<p>Fallen Sie auf diesen sch\u00f6nen Jabador-Strampler mit seinem smaragdgr\u00fcnen Cape! Zwischen Tradition und Eleganz ist sie das perfekte Outfit f\u00fcr Ihr Baby. Ob f\u00fcr seine Geburtstagsfeier, seine Beschneidung, das Eid oder jede andere gro\u00dfe Gelegenheit, der jabador Strampler wird Ihr Baby sublimieren und diesen Moment einzigartig machen. Lieferbar von der Geburtsgr\u00f6\u00dfe bis 12 Monate.   <\/p>\n","protected":false},"featured_media":11027,"comment_status":"open","ping_status":"closed","template":"","meta":{"_monsterinsights_skip_tracking":false,"_monsterinsights_sitenote_active":false,"_monsterinsights_sitenote_note":"","_monsterinsights_sitenote_category":0},"etheme_brands":[],"product_brand":[],"product_cat":[121,284,282],"product_tag":[],"class_list":{"0":"post-14010","1":"product","2":"type-product","3":"status-publish","4":"has-post-thumbnail","6":"product_cat-jabador-strampler-baby","7":"product_cat-jabador-strampler-junge","8":"product_cat-jabador-junge","9":"product_shipping_class-0kg-0250kg-de","11":"first","12":"instock","13":"shipping-taxable","14":"purchasable","15":"product-type-variable"},"yoast_head":"<!-- This site is optimized with the Yoast SEO plugin v27.0 - https:\/\/yoast.com\/product\/yoast-seo-wordpress\/ -->\n<title>Jabador Strampler Cape Smaragdgr\u00fcn f\u00fcr Babys - BabyCust<\/title>\n<meta name=\"description\" content=\"Jabador Romper mit seinem smaragdgr\u00fcnen Cape f\u00fcr Babys. Perfekt f\u00fcr alle Ihre Anl\u00e4sse: Hochzeit, Beschneidung, Eid, Geburt.\" \/>\n<meta name=\"robots\" content=\"index, follow, max-snippet:-1, max-image-preview:large, max-video-preview:-1\" \/>\n<link rel=\"canonical\" href=\"https:\/\/babycust.com\/de\/produkt\/jabador-strampler-cape-smaragdgrunen\/\" \/>\n<meta property=\"og:locale\" content=\"de_DE\" \/>\n<meta property=\"og:type\" content=\"article\" \/>\n<meta property=\"og:title\" content=\"Jabador Strampler Cape Smaragdgr\u00fcn f\u00fcr Babys - BabyCust\" \/>\n<meta property=\"og:description\" content=\"Jabador Romper mit seinem smaragdgr\u00fcnen Cape f\u00fcr Babys. Perfekt f\u00fcr alle Ihre Anl\u00e4sse: Hochzeit, Beschneidung, Eid, Geburt.\" \/>\n<meta property=\"og:url\" content=\"https:\/\/babycust.com\/de\/produkt\/jabador-strampler-cape-smaragdgrunen\/\" \/>\n<meta property=\"og:site_name\" content=\"BabyCust\" \/>\n<meta property=\"article:modified_time\" content=\"2026-01-22T11:42:10+00:00\" \/>\n<meta property=\"og:image\" content=\"https:\/\/babycust.com\/wp-content\/uploads\/2024\/02\/grenouillere-jabador-avec-cape-verte.jpeg\" \/>\n\t<meta property=\"og:image:width\" content=\"2048\" \/>\n\t<meta property=\"og:image:height\" content=\"2048\" \/>\n\t<meta property=\"og:image:type\" content=\"image\/jpeg\" \/>\n<meta name=\"twitter:card\" content=\"summary_large_image\" \/>\n<meta name=\"twitter:label1\" content=\"Gesch\u00e4tzte Lesezeit\" \/>\n\t<meta name=\"twitter:data1\" content=\"1\u00a0Minute\" \/>\n<script type=\"application\/ld+json\" class=\"yoast-schema-graph\">{\"@context\":\"https:\/\/schema.org\",\"@graph\":[{\"@type\":\"WebPage\",\"@id\":\"https:\/\/babycust.com\/de\/produkt\/jabador-strampler-cape-smaragdgrunen\/\",\"url\":\"https:\/\/babycust.com\/de\/produkt\/jabador-strampler-cape-smaragdgrunen\/\",\"name\":\"Jabador Strampler Cape Smaragdgr\u00fcn f\u00fcr Babys - BabyCust\",\"isPartOf\":{\"@id\":\"https:\/\/babycust.com\/de\/#website\"},\"primaryImageOfPage\":{\"@id\":\"https:\/\/babycust.com\/de\/produkt\/jabador-strampler-cape-smaragdgrunen\/#primaryimage\"},\"image\":{\"@id\":\"https:\/\/babycust.com\/de\/produkt\/jabador-strampler-cape-smaragdgrunen\/#primaryimage\"},\"thumbnailUrl\":\"https:\/\/babycust.com\/wp-content\/uploads\/2024\/02\/grenouillere-jabador-avec-cape-verte.jpeg\",\"datePublished\":\"2024-02-21T16:28:04+00:00\",\"dateModified\":\"2026-01-22T11:42:10+00:00\",\"description\":\"Jabador Romper mit seinem smaragdgr\u00fcnen Cape f\u00fcr Babys. Perfekt f\u00fcr alle Ihre Anl\u00e4sse: Hochzeit, Beschneidung, Eid, Geburt.\",\"breadcrumb\":{\"@id\":\"https:\/\/babycust.com\/de\/produkt\/jabador-strampler-cape-smaragdgrunen\/#breadcrumb\"},\"inLanguage\":\"de\",\"potentialAction\":[{\"@type\":\"ReadAction\",\"target\":[\"https:\/\/babycust.com\/de\/produkt\/jabador-strampler-cape-smaragdgrunen\/\"]}]},{\"@type\":\"ImageObject\",\"inLanguage\":\"de\",\"@id\":\"https:\/\/babycust.com\/de\/produkt\/jabador-strampler-cape-smaragdgrunen\/#primaryimage\",\"url\":\"https:\/\/babycust.com\/wp-content\/uploads\/2024\/02\/grenouillere-jabador-avec-cape-verte.jpeg\",\"contentUrl\":\"https:\/\/babycust.com\/wp-content\/uploads\/2024\/02\/grenouillere-jabador-avec-cape-verte.jpeg\",\"width\":2048,\"height\":2048,\"caption\":\"jabador strampler mit cape gr\u00fcn\"},{\"@type\":\"BreadcrumbList\",\"@id\":\"https:\/\/babycust.com\/de\/produkt\/jabador-strampler-cape-smaragdgrunen\/#breadcrumb\",\"itemListElement\":[{\"@type\":\"ListItem\",\"position\":1,\"name\":\"Accueil\",\"item\":\"https:\/\/babycust.com\/de\/\"},{\"@type\":\"ListItem\",\"position\":2,\"name\":\"Shop\",\"item\":\"https:\/\/babycust.com\/de\/shop-2\/\"},{\"@type\":\"ListItem\",\"position\":3,\"name\":\"Jabador Strampler mit Cape &#8211; Wei\u00df und Smaragdgr\u00fcn\"}]},{\"@type\":\"WebSite\",\"@id\":\"https:\/\/babycust.com\/de\/#website\",\"url\":\"https:\/\/babycust.com\/de\/\",\"name\":\"BabyCust\",\"description\":\"Jabador et Caftan pour Enfants\",\"publisher\":{\"@id\":\"https:\/\/babycust.com\/de\/#organization\"},\"potentialAction\":[{\"@type\":\"SearchAction\",\"target\":{\"@type\":\"EntryPoint\",\"urlTemplate\":\"https:\/\/babycust.com\/de\/?s={search_term_string}\"},\"query-input\":{\"@type\":\"PropertyValueSpecification\",\"valueRequired\":true,\"valueName\":\"search_term_string\"}}],\"inLanguage\":\"de\"},{\"@type\":\"Organization\",\"@id\":\"https:\/\/babycust.com\/de\/#organization\",\"name\":\"BabyCust\",\"url\":\"https:\/\/babycust.com\/de\/\",\"logo\":{\"@type\":\"ImageObject\",\"inLanguage\":\"de\",\"@id\":\"https:\/\/babycust.com\/de\/#\/schema\/logo\/image\/\",\"url\":\"https:\/\/babycust.com\/wp-content\/uploads\/2024\/06\/logo-babycust.png\",\"contentUrl\":\"https:\/\/babycust.com\/wp-content\/uploads\/2024\/06\/logo-babycust.png\",\"width\":1080,\"height\":508,\"caption\":\"BabyCust\"},\"image\":{\"@id\":\"https:\/\/babycust.com\/de\/#\/schema\/logo\/image\/\"}}]}<\/script>\n<!-- \/ Yoast SEO plugin. -->","yoast_head_json":{"title":"Jabador Strampler Cape Smaragdgr\u00fcn f\u00fcr Babys - BabyCust","description":"Jabador Romper mit seinem smaragdgr\u00fcnen Cape f\u00fcr Babys. Perfekt f\u00fcr alle Ihre Anl\u00e4sse: Hochzeit, Beschneidung, Eid, Geburt.","robots":{"index":"index","follow":"follow","max-snippet":"max-snippet:-1","max-image-preview":"max-image-preview:large","max-video-preview":"max-video-preview:-1"},"canonical":"https:\/\/babycust.com\/de\/produkt\/jabador-strampler-cape-smaragdgrunen\/","og_locale":"de_DE","og_type":"article","og_title":"Jabador Strampler Cape Smaragdgr\u00fcn f\u00fcr Babys - BabyCust","og_description":"Jabador Romper mit seinem smaragdgr\u00fcnen Cape f\u00fcr Babys. Perfekt f\u00fcr alle Ihre Anl\u00e4sse: Hochzeit, Beschneidung, Eid, Geburt.","og_url":"https:\/\/babycust.com\/de\/produkt\/jabador-strampler-cape-smaragdgrunen\/","og_site_name":"BabyCust","article_modified_time":"2026-01-22T11:42:10+00:00","og_image":[{"width":2048,"height":2048,"url":"https:\/\/babycust.com\/wp-content\/uploads\/2024\/02\/grenouillere-jabador-avec-cape-verte.jpeg","type":"image\/jpeg"}],"twitter_card":"summary_large_image","twitter_misc":{"Gesch\u00e4tzte Lesezeit":"1\u00a0Minute"},"schema":{"@context":"https:\/\/schema.org","@graph":[{"@type":"WebPage","@id":"https:\/\/babycust.com\/de\/produkt\/jabador-strampler-cape-smaragdgrunen\/","url":"https:\/\/babycust.com\/de\/produkt\/jabador-strampler-cape-smaragdgrunen\/","name":"Jabador Strampler Cape Smaragdgr\u00fcn f\u00fcr Babys - BabyCust","isPartOf":{"@id":"https:\/\/babycust.com\/de\/#website"},"primaryImageOfPage":{"@id":"https:\/\/babycust.com\/de\/produkt\/jabador-strampler-cape-smaragdgrunen\/#primaryimage"},"image":{"@id":"https:\/\/babycust.com\/de\/produkt\/jabador-strampler-cape-smaragdgrunen\/#primaryimage"},"thumbnailUrl":"https:\/\/babycust.com\/wp-content\/uploads\/2024\/02\/grenouillere-jabador-avec-cape-verte.jpeg","datePublished":"2024-02-21T16:28:04+00:00","dateModified":"2026-01-22T11:42:10+00:00","description":"Jabador Romper mit seinem smaragdgr\u00fcnen Cape f\u00fcr Babys. Perfekt f\u00fcr alle Ihre Anl\u00e4sse: Hochzeit, Beschneidung, Eid, Geburt.","breadcrumb":{"@id":"https:\/\/babycust.com\/de\/produkt\/jabador-strampler-cape-smaragdgrunen\/#breadcrumb"},"inLanguage":"de","potentialAction":[{"@type":"ReadAction","target":["https:\/\/babycust.com\/de\/produkt\/jabador-strampler-cape-smaragdgrunen\/"]}]},{"@type":"ImageObject","inLanguage":"de","@id":"https:\/\/babycust.com\/de\/produkt\/jabador-strampler-cape-smaragdgrunen\/#primaryimage","url":"https:\/\/babycust.com\/wp-content\/uploads\/2024\/02\/grenouillere-jabador-avec-cape-verte.jpeg","contentUrl":"https:\/\/babycust.com\/wp-content\/uploads\/2024\/02\/grenouillere-jabador-avec-cape-verte.jpeg","width":2048,"height":2048,"caption":"jabador strampler mit cape gr\u00fcn"},{"@type":"BreadcrumbList","@id":"https:\/\/babycust.com\/de\/produkt\/jabador-strampler-cape-smaragdgrunen\/#breadcrumb","itemListElement":[{"@type":"ListItem","position":1,"name":"Accueil","item":"https:\/\/babycust.com\/de\/"},{"@type":"ListItem","position":2,"name":"Shop","item":"https:\/\/babycust.com\/de\/shop-2\/"},{"@type":"ListItem","position":3,"name":"Jabador Strampler mit Cape &#8211; Wei\u00df und Smaragdgr\u00fcn"}]},{"@type":"WebSite","@id":"https:\/\/babycust.com\/de\/#website","url":"https:\/\/babycust.com\/de\/","name":"BabyCust","description":"Jabador et Caftan pour Enfants","publisher":{"@id":"https:\/\/babycust.com\/de\/#organization"},"potentialAction":[{"@type":"SearchAction","target":{"@type":"EntryPoint","urlTemplate":"https:\/\/babycust.com\/de\/?s={search_term_string}"},"query-input":{"@type":"PropertyValueSpecification","valueRequired":true,"valueName":"search_term_string"}}],"inLanguage":"de"},{"@type":"Organization","@id":"https:\/\/babycust.com\/de\/#organization","name":"BabyCust","url":"https:\/\/babycust.com\/de\/","logo":{"@type":"ImageObject","inLanguage":"de","@id":"https:\/\/babycust.com\/de\/#\/schema\/logo\/image\/","url":"https:\/\/babycust.com\/wp-content\/uploads\/2024\/06\/logo-babycust.png","contentUrl":"https:\/\/babycust.com\/wp-content\/uploads\/2024\/06\/logo-babycust.png","width":1080,"height":508,"caption":"BabyCust"},"image":{"@id":"https:\/\/babycust.com\/de\/#\/schema\/logo\/image\/"}}]}},"jetpack_sharing_enabled":true,"_links":{"self":[{"href":"https:\/\/babycust.com\/de\/wp-json\/wp\/v2\/product\/14010","targetHints":{"allow":["GET"]}}],"collection":[{"href":"https:\/\/babycust.com\/de\/wp-json\/wp\/v2\/product"}],"about":[{"href":"https:\/\/babycust.com\/de\/wp-json\/wp\/v2\/types\/product"}],"replies":[{"embeddable":true,"href":"https:\/\/babycust.com\/de\/wp-json\/wp\/v2\/comments?post=14010"}],"version-history":[{"count":0,"href":"https:\/\/babycust.com\/de\/wp-json\/wp\/v2\/product\/14010\/revisions"}],"wp:featuredmedia":[{"embeddable":true,"href":"https:\/\/babycust.com\/de\/wp-json\/wp\/v2\/media\/11027"}],"wp:attachment":[{"href":"https:\/\/babycust.com\/de\/wp-json\/wp\/v2\/media?parent=14010"}],"wp:term":[{"taxonomy":"brand","embeddable":true,"href":"https:\/\/babycust.com\/de\/wp-json\/wp\/v2\/etheme_brands?post=14010"},{"taxonomy":"product_brand","embeddable":true,"href":"https:\/\/babycust.com\/de\/wp-json\/wp\/v2\/product_brand?post=14010"},{"taxonomy":"product_cat","embeddable":true,"href":"https:\/\/babycust.com\/de\/wp-json\/wp\/v2\/product_cat?post=14010"},{"taxonomy":"product_tag","embeddable":true,"href":"https:\/\/babycust.com\/de\/wp-json\/wp\/v2\/product_tag?post=14010"}],"curies":[{"name":"wp","href":"https:\/\/api.w.org\/{rel}","templated":true}]}}