{"id":14024,"date":"2024-02-07T20:04:30","date_gmt":"2024-02-07T20:04:30","guid":{"rendered":"https:\/\/babycust.com\/produit\/babouches-fur-kinder-smaragdgrun\/"},"modified":"2025-02-11T21:37:39","modified_gmt":"2025-02-11T21:37:39","slug":"babouches-fur-kinder-smaragdgrun","status":"publish","type":"product","link":"https:\/\/babycust.com\/de\/produkt\/babouches-fur-kinder-smaragdgrun\/","title":{"rendered":"Babouches &#8211; Smaragdgr\u00fcn"},"content":{"rendered":"<p>Wundersch\u00f6ne gr\u00fcne Babouches f\u00fcr Babys und Kinder<\/p>\n<p>\u2022 Gr\u00fcne Babouches mit spitzer Spitze<br \/>\n\u2022 Sch\u00f6nes arabisches Motiv auf der Oberseite<br \/>\n\u2022 Weiches und bequemes gr\u00fcnes Leder<br \/>\n\u2022 Marokkanische Handwerkskunst<br \/>\n\u2022 Au\u00dfensohle aus Gummi f\u00fcr maximale Haltbarkeit<br \/>\n\u2022 Dieses Paar ist perfekt, um das Outfit Ihres Kindes oder Babys an festlichen Tagen zu vervollst\u00e4ndigen (Eid, Beschneidung &#8220;Tahara&#8221;, Hochzeit usw.)<br \/>\n\u2022 BabyCust bietet Ihnen eine gro\u00dfe Auswahl an traditioneller marokkanischer Kleidung f\u00fcr Ihre Feierlichkeiten, werfen Sie einen Blick auf <a href=\"#\"><u>unsere Website<\/u><\/a><\/p>\n<p>Gr\u00f6\u00dfen: 20 &#8211; 21 &#8211; 22 &#8211; 23 &#8211; 24 &#8211; 25 &#8211; 26<\/p>\n","protected":false},"excerpt":{"rendered":"<p>Wundersch\u00f6ne gr\u00fcne Babouches f\u00fcr Babys und Kinder \u2022 Gr\u00fcne Babouches mit spitzer Spitze \u2022 Sch\u00f6nes arabisches Motiv auf der Oberseite \u2022 Weiches und bequemes gr\u00fcnes Leder \u2022 Marokkanische Handwerkskunst \u2022 Au\u00dfensohle aus Gummi f\u00fcr maximale Haltbarkeit \u2022 Dieses Paar ist perfekt, um das Outfit Ihres&#8230;<\/p>\n","protected":false},"featured_media":10897,"comment_status":"open","ping_status":"closed","template":"","meta":{"_monsterinsights_skip_tracking":false,"_monsterinsights_sitenote_active":false,"_monsterinsights_sitenote_note":"","_monsterinsights_sitenote_category":0},"etheme_brands":[],"product_brand":[],"product_cat":[279],"product_tag":[],"class_list":{"0":"post-14024","1":"product","2":"type-product","3":"status-publish","4":"has-post-thumbnail","6":"product_cat-babuschen-kinder","7":"product_shipping_class-0kg-0250kg-de","9":"first","10":"instock","11":"shipping-taxable","12":"purchasable","13":"product-type-variable"},"yoast_head":"<!-- This site is optimized with the Yoast SEO plugin v27.0 - https:\/\/yoast.com\/product\/yoast-seo-wordpress\/ -->\n<title>babouches Gr\u00fcn f\u00fcr baby und kind<\/title>\n<meta name=\"description\" content=\"Magnifiques babouches blanches pour b\u00e9b\u00e9 et enfant. Babouche traditionnelles marocaines. Taille : 19, 20, 21, 22, 23, 24\" \/>\n<meta name=\"robots\" content=\"index, follow, max-snippet:-1, max-image-preview:large, max-video-preview:-1\" \/>\n<link rel=\"canonical\" href=\"https:\/\/babycust.com\/de\/produkt\/babouches-fur-kinder-smaragdgrun\/\" \/>\n<meta property=\"og:locale\" content=\"de_DE\" \/>\n<meta property=\"og:type\" content=\"article\" \/>\n<meta property=\"og:title\" content=\"babouches Gr\u00fcn f\u00fcr baby und kind\" \/>\n<meta property=\"og:description\" content=\"Magnifiques babouches blanches pour b\u00e9b\u00e9 et enfant. Babouche traditionnelles marocaines. Taille : 19, 20, 21, 22, 23, 24\" \/>\n<meta property=\"og:url\" content=\"https:\/\/babycust.com\/de\/produkt\/babouches-fur-kinder-smaragdgrun\/\" \/>\n<meta property=\"og:site_name\" content=\"BabyCust\" \/>\n<meta property=\"article:modified_time\" content=\"2025-02-11T21:37:39+00:00\" \/>\n<meta property=\"og:image\" content=\"https:\/\/babycust.com\/wp-content\/uploads\/2024\/02\/babouches-vertes-pour-enfant.jpeg\" \/>\n\t<meta property=\"og:image:width\" content=\"800\" \/>\n\t<meta property=\"og:image:height\" content=\"800\" \/>\n\t<meta property=\"og:image:type\" content=\"image\/jpeg\" \/>\n<meta name=\"twitter:card\" content=\"summary_large_image\" \/>\n<script type=\"application\/ld+json\" class=\"yoast-schema-graph\">{\"@context\":\"https:\/\/schema.org\",\"@graph\":[{\"@type\":\"WebPage\",\"@id\":\"https:\/\/babycust.com\/de\/produkt\/babouches-fur-kinder-smaragdgrun\/\",\"url\":\"https:\/\/babycust.com\/de\/produkt\/babouches-fur-kinder-smaragdgrun\/\",\"name\":\"babouches Gr\u00fcn f\u00fcr baby und kind\",\"isPartOf\":{\"@id\":\"https:\/\/babycust.com\/de\/#website\"},\"primaryImageOfPage\":{\"@id\":\"https:\/\/babycust.com\/de\/produkt\/babouches-fur-kinder-smaragdgrun\/#primaryimage\"},\"image\":{\"@id\":\"https:\/\/babycust.com\/de\/produkt\/babouches-fur-kinder-smaragdgrun\/#primaryimage\"},\"thumbnailUrl\":\"https:\/\/babycust.com\/wp-content\/uploads\/2024\/02\/babouches-vertes-pour-enfant.jpeg\",\"datePublished\":\"2024-02-07T20:04:30+00:00\",\"dateModified\":\"2025-02-11T21:37:39+00:00\",\"description\":\"Magnifiques babouches blanches pour b\u00e9b\u00e9 et enfant. Babouche traditionnelles marocaines. Taille : 19, 20, 21, 22, 23, 24\",\"breadcrumb\":{\"@id\":\"https:\/\/babycust.com\/de\/produkt\/babouches-fur-kinder-smaragdgrun\/#breadcrumb\"},\"inLanguage\":\"de\",\"potentialAction\":[{\"@type\":\"ReadAction\",\"target\":[\"https:\/\/babycust.com\/de\/produkt\/babouches-fur-kinder-smaragdgrun\/\"]}]},{\"@type\":\"ImageObject\",\"inLanguage\":\"de\",\"@id\":\"https:\/\/babycust.com\/de\/produkt\/babouches-fur-kinder-smaragdgrun\/#primaryimage\",\"url\":\"https:\/\/babycust.com\/wp-content\/uploads\/2024\/02\/babouches-vertes-pour-enfant.jpeg\",\"contentUrl\":\"https:\/\/babycust.com\/wp-content\/uploads\/2024\/02\/babouches-vertes-pour-enfant.jpeg\",\"width\":800,\"height\":800,\"caption\":\"babouches fur kinder gr\u00fcn\"},{\"@type\":\"BreadcrumbList\",\"@id\":\"https:\/\/babycust.com\/de\/produkt\/babouches-fur-kinder-smaragdgrun\/#breadcrumb\",\"itemListElement\":[{\"@type\":\"ListItem\",\"position\":1,\"name\":\"Accueil\",\"item\":\"https:\/\/babycust.com\/de\/\"},{\"@type\":\"ListItem\",\"position\":2,\"name\":\"Shop\",\"item\":\"https:\/\/babycust.com\/de\/shop-2\/\"},{\"@type\":\"ListItem\",\"position\":3,\"name\":\"Babouches &#8211; Smaragdgr\u00fcn\"}]},{\"@type\":\"WebSite\",\"@id\":\"https:\/\/babycust.com\/de\/#website\",\"url\":\"https:\/\/babycust.com\/de\/\",\"name\":\"BabyCust\",\"description\":\"Jabador et Caftan pour Enfants\",\"publisher\":{\"@id\":\"https:\/\/babycust.com\/de\/#organization\"},\"potentialAction\":[{\"@type\":\"SearchAction\",\"target\":{\"@type\":\"EntryPoint\",\"urlTemplate\":\"https:\/\/babycust.com\/de\/?s={search_term_string}\"},\"query-input\":{\"@type\":\"PropertyValueSpecification\",\"valueRequired\":true,\"valueName\":\"search_term_string\"}}],\"inLanguage\":\"de\"},{\"@type\":\"Organization\",\"@id\":\"https:\/\/babycust.com\/de\/#organization\",\"name\":\"BabyCust\",\"url\":\"https:\/\/babycust.com\/de\/\",\"logo\":{\"@type\":\"ImageObject\",\"inLanguage\":\"de\",\"@id\":\"https:\/\/babycust.com\/de\/#\/schema\/logo\/image\/\",\"url\":\"https:\/\/babycust.com\/wp-content\/uploads\/2024\/06\/logo-babycust.png\",\"contentUrl\":\"https:\/\/babycust.com\/wp-content\/uploads\/2024\/06\/logo-babycust.png\",\"width\":1080,\"height\":508,\"caption\":\"BabyCust\"},\"image\":{\"@id\":\"https:\/\/babycust.com\/de\/#\/schema\/logo\/image\/\"}}]}<\/script>\n<!-- \/ Yoast SEO plugin. -->","yoast_head_json":{"title":"babouches Gr\u00fcn f\u00fcr baby und kind","description":"Magnifiques babouches blanches pour b\u00e9b\u00e9 et enfant. Babouche traditionnelles marocaines. Taille : 19, 20, 21, 22, 23, 24","robots":{"index":"index","follow":"follow","max-snippet":"max-snippet:-1","max-image-preview":"max-image-preview:large","max-video-preview":"max-video-preview:-1"},"canonical":"https:\/\/babycust.com\/de\/produkt\/babouches-fur-kinder-smaragdgrun\/","og_locale":"de_DE","og_type":"article","og_title":"babouches Gr\u00fcn f\u00fcr baby und kind","og_description":"Magnifiques babouches blanches pour b\u00e9b\u00e9 et enfant. Babouche traditionnelles marocaines. Taille : 19, 20, 21, 22, 23, 24","og_url":"https:\/\/babycust.com\/de\/produkt\/babouches-fur-kinder-smaragdgrun\/","og_site_name":"BabyCust","article_modified_time":"2025-02-11T21:37:39+00:00","og_image":[{"width":800,"height":800,"url":"https:\/\/babycust.com\/wp-content\/uploads\/2024\/02\/babouches-vertes-pour-enfant.jpeg","type":"image\/jpeg"}],"twitter_card":"summary_large_image","schema":{"@context":"https:\/\/schema.org","@graph":[{"@type":"WebPage","@id":"https:\/\/babycust.com\/de\/produkt\/babouches-fur-kinder-smaragdgrun\/","url":"https:\/\/babycust.com\/de\/produkt\/babouches-fur-kinder-smaragdgrun\/","name":"babouches Gr\u00fcn f\u00fcr baby und kind","isPartOf":{"@id":"https:\/\/babycust.com\/de\/#website"},"primaryImageOfPage":{"@id":"https:\/\/babycust.com\/de\/produkt\/babouches-fur-kinder-smaragdgrun\/#primaryimage"},"image":{"@id":"https:\/\/babycust.com\/de\/produkt\/babouches-fur-kinder-smaragdgrun\/#primaryimage"},"thumbnailUrl":"https:\/\/babycust.com\/wp-content\/uploads\/2024\/02\/babouches-vertes-pour-enfant.jpeg","datePublished":"2024-02-07T20:04:30+00:00","dateModified":"2025-02-11T21:37:39+00:00","description":"Magnifiques babouches blanches pour b\u00e9b\u00e9 et enfant. Babouche traditionnelles marocaines. Taille : 19, 20, 21, 22, 23, 24","breadcrumb":{"@id":"https:\/\/babycust.com\/de\/produkt\/babouches-fur-kinder-smaragdgrun\/#breadcrumb"},"inLanguage":"de","potentialAction":[{"@type":"ReadAction","target":["https:\/\/babycust.com\/de\/produkt\/babouches-fur-kinder-smaragdgrun\/"]}]},{"@type":"ImageObject","inLanguage":"de","@id":"https:\/\/babycust.com\/de\/produkt\/babouches-fur-kinder-smaragdgrun\/#primaryimage","url":"https:\/\/babycust.com\/wp-content\/uploads\/2024\/02\/babouches-vertes-pour-enfant.jpeg","contentUrl":"https:\/\/babycust.com\/wp-content\/uploads\/2024\/02\/babouches-vertes-pour-enfant.jpeg","width":800,"height":800,"caption":"babouches fur kinder gr\u00fcn"},{"@type":"BreadcrumbList","@id":"https:\/\/babycust.com\/de\/produkt\/babouches-fur-kinder-smaragdgrun\/#breadcrumb","itemListElement":[{"@type":"ListItem","position":1,"name":"Accueil","item":"https:\/\/babycust.com\/de\/"},{"@type":"ListItem","position":2,"name":"Shop","item":"https:\/\/babycust.com\/de\/shop-2\/"},{"@type":"ListItem","position":3,"name":"Babouches &#8211; Smaragdgr\u00fcn"}]},{"@type":"WebSite","@id":"https:\/\/babycust.com\/de\/#website","url":"https:\/\/babycust.com\/de\/","name":"BabyCust","description":"Jabador et Caftan pour Enfants","publisher":{"@id":"https:\/\/babycust.com\/de\/#organization"},"potentialAction":[{"@type":"SearchAction","target":{"@type":"EntryPoint","urlTemplate":"https:\/\/babycust.com\/de\/?s={search_term_string}"},"query-input":{"@type":"PropertyValueSpecification","valueRequired":true,"valueName":"search_term_string"}}],"inLanguage":"de"},{"@type":"Organization","@id":"https:\/\/babycust.com\/de\/#organization","name":"BabyCust","url":"https:\/\/babycust.com\/de\/","logo":{"@type":"ImageObject","inLanguage":"de","@id":"https:\/\/babycust.com\/de\/#\/schema\/logo\/image\/","url":"https:\/\/babycust.com\/wp-content\/uploads\/2024\/06\/logo-babycust.png","contentUrl":"https:\/\/babycust.com\/wp-content\/uploads\/2024\/06\/logo-babycust.png","width":1080,"height":508,"caption":"BabyCust"},"image":{"@id":"https:\/\/babycust.com\/de\/#\/schema\/logo\/image\/"}}]}},"jetpack_sharing_enabled":true,"_links":{"self":[{"href":"https:\/\/babycust.com\/de\/wp-json\/wp\/v2\/product\/14024","targetHints":{"allow":["GET"]}}],"collection":[{"href":"https:\/\/babycust.com\/de\/wp-json\/wp\/v2\/product"}],"about":[{"href":"https:\/\/babycust.com\/de\/wp-json\/wp\/v2\/types\/product"}],"replies":[{"embeddable":true,"href":"https:\/\/babycust.com\/de\/wp-json\/wp\/v2\/comments?post=14024"}],"version-history":[{"count":1,"href":"https:\/\/babycust.com\/de\/wp-json\/wp\/v2\/product\/14024\/revisions"}],"predecessor-version":[{"id":14033,"href":"https:\/\/babycust.com\/de\/wp-json\/wp\/v2\/product\/14024\/revisions\/14033"}],"wp:featuredmedia":[{"embeddable":true,"href":"https:\/\/babycust.com\/de\/wp-json\/wp\/v2\/media\/10897"}],"wp:attachment":[{"href":"https:\/\/babycust.com\/de\/wp-json\/wp\/v2\/media?parent=14024"}],"wp:term":[{"taxonomy":"brand","embeddable":true,"href":"https:\/\/babycust.com\/de\/wp-json\/wp\/v2\/etheme_brands?post=14024"},{"taxonomy":"product_brand","embeddable":true,"href":"https:\/\/babycust.com\/de\/wp-json\/wp\/v2\/product_brand?post=14024"},{"taxonomy":"product_cat","embeddable":true,"href":"https:\/\/babycust.com\/de\/wp-json\/wp\/v2\/product_cat?post=14024"},{"taxonomy":"product_tag","embeddable":true,"href":"https:\/\/babycust.com\/de\/wp-json\/wp\/v2\/product_tag?post=14024"}],"curies":[{"name":"wp","href":"https:\/\/api.w.org\/{rel}","templated":true}]}}