{"id":14550,"date":"2022-01-19T19:48:52","date_gmt":"2022-01-19T19:48:52","guid":{"rendered":"https:\/\/babycust.com\/produit\/jabador-strampler-mit-satin-umhang-weis\/"},"modified":"2025-02-15T11:32:02","modified_gmt":"2025-02-15T11:32:02","slug":"jabador-strampler-mit-satin-umhang-weis","status":"publish","type":"product","link":"https:\/\/babycust.com\/de\/produkt\/jabador-strampler-mit-satin-umhang-weis\/","title":{"rendered":"Jabador Strampler mit Satin-Umhang &#8211; Wei\u00df"},"content":{"rendered":"<section>\n<h2>Jabador mit Satincape: Ein Prestige-Outfit f\u00fcr Babys<\/h2>\n<p>Verleihen Sie Ihrem Kind ein elegantes und raffiniertes Outfit mit unserem <strong>Jabador mit Satincape<\/strong>. Gefertigt aus luxuri\u00f6sem Stoff, vereint dieses Modell Komfort und Tradition f\u00fcr besondere Anl\u00e4sse wie <strong>Eid<\/strong>, <strong>Beschneidung<\/strong> oder <strong>Hochzeiten<\/strong>.<\/p>\n<h3>Ein Au\u00dfergew\u00f6hnlicher Traditioneller Marokkanischer Jabador<\/h3>\n<p>Unser <strong>Jabador-Overall<\/strong> wird von einem pr\u00e4chtigen <strong>wei\u00dfen Satincape<\/strong> begleitet, das mit einer goldfarbenen Sfifa bestickt ist. Der Schnitt wurde so entworfen, dass er optimalen Komfort bietet, mit:<\/p>\n<ul>\n<li>Ein unauff\u00e4lliger Rei\u00dfverschluss am Kragen.<\/li>\n<li>Robuste Druckkn\u00f6pfe f\u00fcr einen schnellen Windelwechsel.<\/li>\n<li>Goldene Stickereien auf der Brust, den Handgelenken und den Beinen.<\/li>\n<\/ul>\n<h3>Warum diesen Jabador-Overall W\u00e4hlen?<\/h3>\n<p>Dieser <strong>Jabador f\u00fcr Babys<\/strong> ist ideal f\u00fcr Eltern, die nach einem authentischen und luxuri\u00f6sen Outfit suchen. Der satinhaltige Stoff ist weich und atmungsaktiv und sorgt f\u00fcr optimalen Komfort, w\u00e4hrend er gleichzeitig eine besondere Note verleiht.<\/p>\n<p>Verf\u00fcgbare Gr\u00f6\u00dfen und Pflegehinweise:<\/p>\n<p>Erh\u00e4ltlich in den Gr\u00f6\u00dfen <strong>0-1 Monat, 3 Monate<\/strong>, <strong>6 Monate<\/strong>, <strong>9 Monate, 12 Monate<\/strong>, wurde dieses Modell entwickelt, um Ihr Baby bei wichtigen Ereignissen zu begleiten. Um seinen Glanz zu erhalten, empfehlen wir Handw\u00e4sche.<\/p>\n<p>Entdecken Sie Unsere Anderen Traditionellen Outfits:<\/p>\n<p>Vervollst\u00e4ndigen Sie die Garderobe Ihres Kindes mit unseren <a href=\"\/caftan-enfant-fille\">Kaftanen f\u00fcr M\u00e4dchen<\/a> oder unseren <a href=\"\/grenouillere-jabador-bebe\">Jabador-Overalls f\u00fcr Babys<\/a>.<\/p>\n<\/section>\n","protected":false},"excerpt":{"rendered":"<p>Jabador mit Satincape: Ein Prestige-Outfit f\u00fcr Babys Verleihen Sie Ihrem Kind ein elegantes und raffiniertes Outfit mit unserem Jabador mit Satincape. Gefertigt aus luxuri\u00f6sem Stoff, vereint dieses Modell Komfort und Tradition f\u00fcr besondere Anl\u00e4sse wie Eid, Beschneidung oder Hochzeiten. Ein Au\u00dfergew\u00f6hnlicher Traditioneller Marokkanischer Jabador Unser&#8230;<\/p>\n","protected":false},"featured_media":7675,"comment_status":"open","ping_status":"closed","template":"","meta":{"_monsterinsights_skip_tracking":false,"_monsterinsights_sitenote_active":false,"_monsterinsights_sitenote_note":"","_monsterinsights_sitenote_category":0},"etheme_brands":[],"product_brand":[],"product_cat":[121,284,282],"product_tag":[],"class_list":{"0":"post-14550","1":"product","2":"type-product","3":"status-publish","4":"has-post-thumbnail","6":"product_cat-jabador-strampler-baby","7":"product_cat-jabador-strampler-junge","8":"product_cat-jabador-junge","9":"product_shipping_class-0kg-0250kg-de","11":"first","12":"instock","13":"shipping-taxable","14":"purchasable","15":"product-type-variable"},"yoast_head":"<!-- This site is optimized with the Yoast SEO plugin v27.0 - https:\/\/yoast.com\/product\/yoast-seo-wordpress\/ -->\n<title>Jabador Satin-Umhang f\u00fcr Baby&#039;s - BabyCust<\/title>\n<meta name=\"description\" content=\"Jabador Strampler f\u00fcr Babys mit Umhang aus Satin (Selham Burnous). Orientalisch-marokkanischer Jabador. Ideal f\u00fcr Ihre Feste (Eid, Hochzeit, Beschneidung).\" \/>\n<meta name=\"robots\" content=\"index, follow, max-snippet:-1, max-image-preview:large, max-video-preview:-1\" \/>\n<link rel=\"canonical\" href=\"https:\/\/babycust.com\/de\/produkt\/jabador-strampler-mit-satin-umhang-weis\/\" \/>\n<meta property=\"og:locale\" content=\"de_DE\" \/>\n<meta property=\"og:type\" content=\"article\" \/>\n<meta property=\"og:title\" content=\"Jabador Satin-Umhang f\u00fcr Baby&#039;s - BabyCust\" \/>\n<meta property=\"og:description\" content=\"Jabador Strampler f\u00fcr Babys mit Umhang aus Satin (Selham Burnous). Orientalisch-marokkanischer Jabador. Ideal f\u00fcr Ihre Feste (Eid, Hochzeit, Beschneidung).\" \/>\n<meta property=\"og:url\" content=\"https:\/\/babycust.com\/de\/produkt\/jabador-strampler-mit-satin-umhang-weis\/\" \/>\n<meta property=\"og:site_name\" content=\"BabyCust\" \/>\n<meta property=\"article:modified_time\" content=\"2025-02-15T11:32:02+00:00\" \/>\n<meta property=\"og:image\" content=\"https:\/\/babycust.com\/wp-content\/uploads\/2022\/01\/grenouillere-avec-cape-bebe-blanc-et-or.jpg\" \/>\n\t<meta property=\"og:image:width\" content=\"800\" \/>\n\t<meta property=\"og:image:height\" content=\"800\" \/>\n\t<meta property=\"og:image:type\" content=\"image\/jpeg\" \/>\n<meta name=\"twitter:card\" content=\"summary_large_image\" \/>\n<meta name=\"twitter:label1\" content=\"Gesch\u00e4tzte Lesezeit\" \/>\n\t<meta name=\"twitter:data1\" content=\"1\u00a0Minute\" \/>\n<script type=\"application\/ld+json\" class=\"yoast-schema-graph\">{\"@context\":\"https:\/\/schema.org\",\"@graph\":[{\"@type\":\"WebPage\",\"@id\":\"https:\/\/babycust.com\/de\/produkt\/jabador-strampler-mit-satin-umhang-weis\/\",\"url\":\"https:\/\/babycust.com\/de\/produkt\/jabador-strampler-mit-satin-umhang-weis\/\",\"name\":\"Jabador Satin-Umhang f\u00fcr Baby's - BabyCust\",\"isPartOf\":{\"@id\":\"https:\/\/babycust.com\/de\/#website\"},\"primaryImageOfPage\":{\"@id\":\"https:\/\/babycust.com\/de\/produkt\/jabador-strampler-mit-satin-umhang-weis\/#primaryimage\"},\"image\":{\"@id\":\"https:\/\/babycust.com\/de\/produkt\/jabador-strampler-mit-satin-umhang-weis\/#primaryimage\"},\"thumbnailUrl\":\"https:\/\/babycust.com\/wp-content\/uploads\/2022\/01\/grenouillere-avec-cape-bebe-blanc-et-or.jpg\",\"datePublished\":\"2022-01-19T19:48:52+00:00\",\"dateModified\":\"2025-02-15T11:32:02+00:00\",\"description\":\"Jabador Strampler f\u00fcr Babys mit Umhang aus Satin (Selham Burnous). Orientalisch-marokkanischer Jabador. Ideal f\u00fcr Ihre Feste (Eid, Hochzeit, Beschneidung).\",\"breadcrumb\":{\"@id\":\"https:\/\/babycust.com\/de\/produkt\/jabador-strampler-mit-satin-umhang-weis\/#breadcrumb\"},\"inLanguage\":\"de\",\"potentialAction\":[{\"@type\":\"ReadAction\",\"target\":[\"https:\/\/babycust.com\/de\/produkt\/jabador-strampler-mit-satin-umhang-weis\/\"]}]},{\"@type\":\"ImageObject\",\"inLanguage\":\"de\",\"@id\":\"https:\/\/babycust.com\/de\/produkt\/jabador-strampler-mit-satin-umhang-weis\/#primaryimage\",\"url\":\"https:\/\/babycust.com\/wp-content\/uploads\/2022\/01\/grenouillere-avec-cape-bebe-blanc-et-or.jpg\",\"contentUrl\":\"https:\/\/babycust.com\/wp-content\/uploads\/2022\/01\/grenouillere-avec-cape-bebe-blanc-et-or.jpg\",\"width\":800,\"height\":800},{\"@type\":\"BreadcrumbList\",\"@id\":\"https:\/\/babycust.com\/de\/produkt\/jabador-strampler-mit-satin-umhang-weis\/#breadcrumb\",\"itemListElement\":[{\"@type\":\"ListItem\",\"position\":1,\"name\":\"Accueil\",\"item\":\"https:\/\/babycust.com\/de\/\"},{\"@type\":\"ListItem\",\"position\":2,\"name\":\"Shop\",\"item\":\"https:\/\/babycust.com\/de\/shop-2\/\"},{\"@type\":\"ListItem\",\"position\":3,\"name\":\"Jabador Strampler mit Satin-Umhang &#8211; Wei\u00df\"}]},{\"@type\":\"WebSite\",\"@id\":\"https:\/\/babycust.com\/de\/#website\",\"url\":\"https:\/\/babycust.com\/de\/\",\"name\":\"BabyCust\",\"description\":\"Jabador et Caftan pour Enfants\",\"publisher\":{\"@id\":\"https:\/\/babycust.com\/de\/#organization\"},\"potentialAction\":[{\"@type\":\"SearchAction\",\"target\":{\"@type\":\"EntryPoint\",\"urlTemplate\":\"https:\/\/babycust.com\/de\/?s={search_term_string}\"},\"query-input\":{\"@type\":\"PropertyValueSpecification\",\"valueRequired\":true,\"valueName\":\"search_term_string\"}}],\"inLanguage\":\"de\"},{\"@type\":\"Organization\",\"@id\":\"https:\/\/babycust.com\/de\/#organization\",\"name\":\"BabyCust\",\"url\":\"https:\/\/babycust.com\/de\/\",\"logo\":{\"@type\":\"ImageObject\",\"inLanguage\":\"de\",\"@id\":\"https:\/\/babycust.com\/de\/#\/schema\/logo\/image\/\",\"url\":\"https:\/\/babycust.com\/wp-content\/uploads\/2024\/06\/logo-babycust.png\",\"contentUrl\":\"https:\/\/babycust.com\/wp-content\/uploads\/2024\/06\/logo-babycust.png\",\"width\":1080,\"height\":508,\"caption\":\"BabyCust\"},\"image\":{\"@id\":\"https:\/\/babycust.com\/de\/#\/schema\/logo\/image\/\"}}]}<\/script>\n<!-- \/ Yoast SEO plugin. -->","yoast_head_json":{"title":"Jabador Satin-Umhang f\u00fcr Baby's - BabyCust","description":"Jabador Strampler f\u00fcr Babys mit Umhang aus Satin (Selham Burnous). Orientalisch-marokkanischer Jabador. Ideal f\u00fcr Ihre Feste (Eid, Hochzeit, Beschneidung).","robots":{"index":"index","follow":"follow","max-snippet":"max-snippet:-1","max-image-preview":"max-image-preview:large","max-video-preview":"max-video-preview:-1"},"canonical":"https:\/\/babycust.com\/de\/produkt\/jabador-strampler-mit-satin-umhang-weis\/","og_locale":"de_DE","og_type":"article","og_title":"Jabador Satin-Umhang f\u00fcr Baby's - BabyCust","og_description":"Jabador Strampler f\u00fcr Babys mit Umhang aus Satin (Selham Burnous). Orientalisch-marokkanischer Jabador. Ideal f\u00fcr Ihre Feste (Eid, Hochzeit, Beschneidung).","og_url":"https:\/\/babycust.com\/de\/produkt\/jabador-strampler-mit-satin-umhang-weis\/","og_site_name":"BabyCust","article_modified_time":"2025-02-15T11:32:02+00:00","og_image":[{"width":800,"height":800,"url":"https:\/\/babycust.com\/wp-content\/uploads\/2022\/01\/grenouillere-avec-cape-bebe-blanc-et-or.jpg","type":"image\/jpeg"}],"twitter_card":"summary_large_image","twitter_misc":{"Gesch\u00e4tzte Lesezeit":"1\u00a0Minute"},"schema":{"@context":"https:\/\/schema.org","@graph":[{"@type":"WebPage","@id":"https:\/\/babycust.com\/de\/produkt\/jabador-strampler-mit-satin-umhang-weis\/","url":"https:\/\/babycust.com\/de\/produkt\/jabador-strampler-mit-satin-umhang-weis\/","name":"Jabador Satin-Umhang f\u00fcr Baby's - BabyCust","isPartOf":{"@id":"https:\/\/babycust.com\/de\/#website"},"primaryImageOfPage":{"@id":"https:\/\/babycust.com\/de\/produkt\/jabador-strampler-mit-satin-umhang-weis\/#primaryimage"},"image":{"@id":"https:\/\/babycust.com\/de\/produkt\/jabador-strampler-mit-satin-umhang-weis\/#primaryimage"},"thumbnailUrl":"https:\/\/babycust.com\/wp-content\/uploads\/2022\/01\/grenouillere-avec-cape-bebe-blanc-et-or.jpg","datePublished":"2022-01-19T19:48:52+00:00","dateModified":"2025-02-15T11:32:02+00:00","description":"Jabador Strampler f\u00fcr Babys mit Umhang aus Satin (Selham Burnous). Orientalisch-marokkanischer Jabador. Ideal f\u00fcr Ihre Feste (Eid, Hochzeit, Beschneidung).","breadcrumb":{"@id":"https:\/\/babycust.com\/de\/produkt\/jabador-strampler-mit-satin-umhang-weis\/#breadcrumb"},"inLanguage":"de","potentialAction":[{"@type":"ReadAction","target":["https:\/\/babycust.com\/de\/produkt\/jabador-strampler-mit-satin-umhang-weis\/"]}]},{"@type":"ImageObject","inLanguage":"de","@id":"https:\/\/babycust.com\/de\/produkt\/jabador-strampler-mit-satin-umhang-weis\/#primaryimage","url":"https:\/\/babycust.com\/wp-content\/uploads\/2022\/01\/grenouillere-avec-cape-bebe-blanc-et-or.jpg","contentUrl":"https:\/\/babycust.com\/wp-content\/uploads\/2022\/01\/grenouillere-avec-cape-bebe-blanc-et-or.jpg","width":800,"height":800},{"@type":"BreadcrumbList","@id":"https:\/\/babycust.com\/de\/produkt\/jabador-strampler-mit-satin-umhang-weis\/#breadcrumb","itemListElement":[{"@type":"ListItem","position":1,"name":"Accueil","item":"https:\/\/babycust.com\/de\/"},{"@type":"ListItem","position":2,"name":"Shop","item":"https:\/\/babycust.com\/de\/shop-2\/"},{"@type":"ListItem","position":3,"name":"Jabador Strampler mit Satin-Umhang &#8211; Wei\u00df"}]},{"@type":"WebSite","@id":"https:\/\/babycust.com\/de\/#website","url":"https:\/\/babycust.com\/de\/","name":"BabyCust","description":"Jabador et Caftan pour Enfants","publisher":{"@id":"https:\/\/babycust.com\/de\/#organization"},"potentialAction":[{"@type":"SearchAction","target":{"@type":"EntryPoint","urlTemplate":"https:\/\/babycust.com\/de\/?s={search_term_string}"},"query-input":{"@type":"PropertyValueSpecification","valueRequired":true,"valueName":"search_term_string"}}],"inLanguage":"de"},{"@type":"Organization","@id":"https:\/\/babycust.com\/de\/#organization","name":"BabyCust","url":"https:\/\/babycust.com\/de\/","logo":{"@type":"ImageObject","inLanguage":"de","@id":"https:\/\/babycust.com\/de\/#\/schema\/logo\/image\/","url":"https:\/\/babycust.com\/wp-content\/uploads\/2024\/06\/logo-babycust.png","contentUrl":"https:\/\/babycust.com\/wp-content\/uploads\/2024\/06\/logo-babycust.png","width":1080,"height":508,"caption":"BabyCust"},"image":{"@id":"https:\/\/babycust.com\/de\/#\/schema\/logo\/image\/"}}]}},"jetpack_sharing_enabled":true,"_links":{"self":[{"href":"https:\/\/babycust.com\/de\/wp-json\/wp\/v2\/product\/14550","targetHints":{"allow":["GET"]}}],"collection":[{"href":"https:\/\/babycust.com\/de\/wp-json\/wp\/v2\/product"}],"about":[{"href":"https:\/\/babycust.com\/de\/wp-json\/wp\/v2\/types\/product"}],"replies":[{"embeddable":true,"href":"https:\/\/babycust.com\/de\/wp-json\/wp\/v2\/comments?post=14550"}],"version-history":[{"count":1,"href":"https:\/\/babycust.com\/de\/wp-json\/wp\/v2\/product\/14550\/revisions"}],"predecessor-version":[{"id":14558,"href":"https:\/\/babycust.com\/de\/wp-json\/wp\/v2\/product\/14550\/revisions\/14558"}],"wp:featuredmedia":[{"embeddable":true,"href":"https:\/\/babycust.com\/de\/wp-json\/wp\/v2\/media\/7675"}],"wp:attachment":[{"href":"https:\/\/babycust.com\/de\/wp-json\/wp\/v2\/media?parent=14550"}],"wp:term":[{"taxonomy":"brand","embeddable":true,"href":"https:\/\/babycust.com\/de\/wp-json\/wp\/v2\/etheme_brands?post=14550"},{"taxonomy":"product_brand","embeddable":true,"href":"https:\/\/babycust.com\/de\/wp-json\/wp\/v2\/product_brand?post=14550"},{"taxonomy":"product_cat","embeddable":true,"href":"https:\/\/babycust.com\/de\/wp-json\/wp\/v2\/product_cat?post=14550"},{"taxonomy":"product_tag","embeddable":true,"href":"https:\/\/babycust.com\/de\/wp-json\/wp\/v2\/product_tag?post=14550"}],"curies":[{"name":"wp","href":"https:\/\/api.w.org\/{rel}","templated":true}]}}