{"id":14035,"date":"2024-02-07T20:04:30","date_gmt":"2024-02-07T20:04:30","guid":{"rendered":"https:\/\/babycust.com\/produit\/babuchas-verde-esmeralda\/"},"modified":"2024-02-07T20:04:30","modified_gmt":"2024-02-07T20:04:30","slug":"babuchas-verde-esmeralda","status":"publish","type":"product","link":"https:\/\/babycust.com\/es\/producto\/babuchas-verde-esmeralda\/","title":{"rendered":"Babuchas &#8211; Verde Esmeralda"},"content":{"rendered":"<p>Encantadoras babuchas verdes para beb\u00e9 y ni\u00f1o<\/p>\n<p>\u2022 Babuchas verdes con punta afilada<br \/>\n\u2022 Bonito motivo \u00e1rabe en la parte superior<br \/>\n\u2022 Cuero verde suave y c\u00f3modo<br \/>\n\u2022 Artesan\u00eda marroqu\u00ed<br \/>\n\u2022 Suela exterior de caucho para una m\u00e1xima resistencia<br \/>\n\u2022 Este par es perfecto para complementar el atuendo de tu hijo o beb\u00e9 en d\u00edas festivos (A\u00edd, circuncisi\u00f3n &#8220;tahara&#8221;, boda, etc.)<br \/>\n\u2022 BabyCust te ofrece una amplia selecci\u00f3n de trajes tradicionales marroqu\u00edes para tus celebraciones, echa un vistazo a <a href=\"#\"><u>nuestro sitio web<\/u><\/a><\/p>\n<p>Tallas: 20 &#8211; 21 &#8211; 22 &#8211; 23 &#8211; 24 &#8211; 25 &#8211; 26<\/p>\n","protected":false},"excerpt":{"rendered":"<p>Encantadoras babuchas verdes para beb\u00e9 y ni\u00f1o \u2022 Babuchas verdes con punta afilada \u2022 Bonito motivo \u00e1rabe en la parte superior \u2022 Cuero verde suave y c\u00f3modo \u2022 Artesan\u00eda marroqu\u00ed \u2022 Suela exterior de caucho para una m\u00e1xima resistencia \u2022 Este par es perfecto para&#8230;<\/p>\n","protected":false},"featured_media":10898,"comment_status":"open","ping_status":"closed","template":"","meta":{"_monsterinsights_skip_tracking":false,"_monsterinsights_sitenote_active":false,"_monsterinsights_sitenote_note":"","_monsterinsights_sitenote_category":0},"etheme_brands":[],"product_brand":[],"product_cat":[286],"product_tag":[],"class_list":{"0":"post-14035","1":"product","2":"type-product","3":"status-publish","4":"has-post-thumbnail","6":"product_cat-babuchas-ninos","7":"product_shipping_class-0kg-0250kg-es","9":"first","10":"instock","11":"shipping-taxable","12":"purchasable","13":"product-type-variable"},"yoast_head":"<!-- This site is optimized with the Yoast SEO plugin v27.0 - https:\/\/yoast.com\/product\/yoast-seo-wordpress\/ -->\n<title>babuchas beb\u00e9 ni\u00f1o<\/title>\n<meta name=\"description\" content=\"Magn\u00edficos baberos blancos para beb\u00e9 y ni\u00f1o. Babuchas tradicionales marroqu\u00edes. Talla: 19, 20, 21, 22, 23, 24\" \/>\n<meta name=\"robots\" content=\"index, follow, max-snippet:-1, max-image-preview:large, max-video-preview:-1\" \/>\n<link rel=\"canonical\" href=\"https:\/\/babycust.com\/es\/producto\/babuchas-verde-esmeralda\/\" \/>\n<meta property=\"og:locale\" content=\"es_ES\" \/>\n<meta property=\"og:type\" content=\"article\" \/>\n<meta property=\"og:title\" content=\"babuchas beb\u00e9 ni\u00f1o\" \/>\n<meta property=\"og:description\" content=\"Magn\u00edficos baberos blancos para beb\u00e9 y ni\u00f1o. Babuchas tradicionales marroqu\u00edes. Talla: 19, 20, 21, 22, 23, 24\" \/>\n<meta property=\"og:url\" content=\"https:\/\/babycust.com\/es\/producto\/babuchas-verde-esmeralda\/\" \/>\n<meta property=\"og:site_name\" content=\"BabyCust\" \/>\n<meta property=\"og:image\" content=\"https:\/\/babycust.com\/wp-content\/uploads\/2024\/02\/babouches-vertes-pour-enfant.jpeg\" \/>\n\t<meta property=\"og:image:width\" content=\"800\" \/>\n\t<meta property=\"og:image:height\" content=\"800\" \/>\n\t<meta property=\"og:image:type\" content=\"image\/jpeg\" \/>\n<meta name=\"twitter:card\" content=\"summary_large_image\" \/>\n<script type=\"application\/ld+json\" class=\"yoast-schema-graph\">{\"@context\":\"https:\/\/schema.org\",\"@graph\":[{\"@type\":\"WebPage\",\"@id\":\"https:\/\/babycust.com\/es\/producto\/babuchas-verde-esmeralda\/\",\"url\":\"https:\/\/babycust.com\/es\/producto\/babuchas-verde-esmeralda\/\",\"name\":\"babuchas beb\u00e9 ni\u00f1o\",\"isPartOf\":{\"@id\":\"https:\/\/babycust.com\/es\/#website\"},\"primaryImageOfPage\":{\"@id\":\"https:\/\/babycust.com\/es\/producto\/babuchas-verde-esmeralda\/#primaryimage\"},\"image\":{\"@id\":\"https:\/\/babycust.com\/es\/producto\/babuchas-verde-esmeralda\/#primaryimage\"},\"thumbnailUrl\":\"https:\/\/babycust.com\/wp-content\/uploads\/2024\/02\/babouches-vertes-pour-enfant.jpeg\",\"datePublished\":\"2024-02-07T20:04:30+00:00\",\"description\":\"Magn\u00edficos baberos blancos para beb\u00e9 y ni\u00f1o. Babuchas tradicionales marroqu\u00edes. Talla: 19, 20, 21, 22, 23, 24\",\"breadcrumb\":{\"@id\":\"https:\/\/babycust.com\/es\/producto\/babuchas-verde-esmeralda\/#breadcrumb\"},\"inLanguage\":\"es\",\"potentialAction\":[{\"@type\":\"ReadAction\",\"target\":[\"https:\/\/babycust.com\/es\/producto\/babuchas-verde-esmeralda\/\"]}]},{\"@type\":\"ImageObject\",\"inLanguage\":\"es\",\"@id\":\"https:\/\/babycust.com\/es\/producto\/babuchas-verde-esmeralda\/#primaryimage\",\"url\":\"https:\/\/babycust.com\/wp-content\/uploads\/2024\/02\/babouches-vertes-pour-enfant.jpeg\",\"contentUrl\":\"https:\/\/babycust.com\/wp-content\/uploads\/2024\/02\/babouches-vertes-pour-enfant.jpeg\",\"width\":800,\"height\":800,\"caption\":\"Babuchas verdes para ni\u00f1os\"},{\"@type\":\"BreadcrumbList\",\"@id\":\"https:\/\/babycust.com\/es\/producto\/babuchas-verde-esmeralda\/#breadcrumb\",\"itemListElement\":[{\"@type\":\"ListItem\",\"position\":1,\"name\":\"Accueil\",\"item\":\"https:\/\/babycust.com\/es\/\"},{\"@type\":\"ListItem\",\"position\":2,\"name\":\"Tienda\",\"item\":\"https:\/\/babycust.com\/es\/tienda-2\/\"},{\"@type\":\"ListItem\",\"position\":3,\"name\":\"Babuchas &#8211; Verde Esmeralda\"}]},{\"@type\":\"WebSite\",\"@id\":\"https:\/\/babycust.com\/es\/#website\",\"url\":\"https:\/\/babycust.com\/es\/\",\"name\":\"BabyCust\",\"description\":\"Jabador et Caftan pour Enfants\",\"publisher\":{\"@id\":\"https:\/\/babycust.com\/es\/#organization\"},\"potentialAction\":[{\"@type\":\"SearchAction\",\"target\":{\"@type\":\"EntryPoint\",\"urlTemplate\":\"https:\/\/babycust.com\/es\/?s={search_term_string}\"},\"query-input\":{\"@type\":\"PropertyValueSpecification\",\"valueRequired\":true,\"valueName\":\"search_term_string\"}}],\"inLanguage\":\"es\"},{\"@type\":\"Organization\",\"@id\":\"https:\/\/babycust.com\/es\/#organization\",\"name\":\"BabyCust\",\"url\":\"https:\/\/babycust.com\/es\/\",\"logo\":{\"@type\":\"ImageObject\",\"inLanguage\":\"es\",\"@id\":\"https:\/\/babycust.com\/es\/#\/schema\/logo\/image\/\",\"url\":\"https:\/\/babycust.com\/wp-content\/uploads\/2024\/06\/logo-babycust.png\",\"contentUrl\":\"https:\/\/babycust.com\/wp-content\/uploads\/2024\/06\/logo-babycust.png\",\"width\":1080,\"height\":508,\"caption\":\"BabyCust\"},\"image\":{\"@id\":\"https:\/\/babycust.com\/es\/#\/schema\/logo\/image\/\"}}]}<\/script>\n<!-- \/ Yoast SEO plugin. -->","yoast_head_json":{"title":"babuchas beb\u00e9 ni\u00f1o","description":"Magn\u00edficos baberos blancos para beb\u00e9 y ni\u00f1o. Babuchas tradicionales marroqu\u00edes. Talla: 19, 20, 21, 22, 23, 24","robots":{"index":"index","follow":"follow","max-snippet":"max-snippet:-1","max-image-preview":"max-image-preview:large","max-video-preview":"max-video-preview:-1"},"canonical":"https:\/\/babycust.com\/es\/producto\/babuchas-verde-esmeralda\/","og_locale":"es_ES","og_type":"article","og_title":"babuchas beb\u00e9 ni\u00f1o","og_description":"Magn\u00edficos baberos blancos para beb\u00e9 y ni\u00f1o. Babuchas tradicionales marroqu\u00edes. Talla: 19, 20, 21, 22, 23, 24","og_url":"https:\/\/babycust.com\/es\/producto\/babuchas-verde-esmeralda\/","og_site_name":"BabyCust","og_image":[{"width":800,"height":800,"url":"https:\/\/babycust.com\/wp-content\/uploads\/2024\/02\/babouches-vertes-pour-enfant.jpeg","type":"image\/jpeg"}],"twitter_card":"summary_large_image","schema":{"@context":"https:\/\/schema.org","@graph":[{"@type":"WebPage","@id":"https:\/\/babycust.com\/es\/producto\/babuchas-verde-esmeralda\/","url":"https:\/\/babycust.com\/es\/producto\/babuchas-verde-esmeralda\/","name":"babuchas beb\u00e9 ni\u00f1o","isPartOf":{"@id":"https:\/\/babycust.com\/es\/#website"},"primaryImageOfPage":{"@id":"https:\/\/babycust.com\/es\/producto\/babuchas-verde-esmeralda\/#primaryimage"},"image":{"@id":"https:\/\/babycust.com\/es\/producto\/babuchas-verde-esmeralda\/#primaryimage"},"thumbnailUrl":"https:\/\/babycust.com\/wp-content\/uploads\/2024\/02\/babouches-vertes-pour-enfant.jpeg","datePublished":"2024-02-07T20:04:30+00:00","description":"Magn\u00edficos baberos blancos para beb\u00e9 y ni\u00f1o. Babuchas tradicionales marroqu\u00edes. Talla: 19, 20, 21, 22, 23, 24","breadcrumb":{"@id":"https:\/\/babycust.com\/es\/producto\/babuchas-verde-esmeralda\/#breadcrumb"},"inLanguage":"es","potentialAction":[{"@type":"ReadAction","target":["https:\/\/babycust.com\/es\/producto\/babuchas-verde-esmeralda\/"]}]},{"@type":"ImageObject","inLanguage":"es","@id":"https:\/\/babycust.com\/es\/producto\/babuchas-verde-esmeralda\/#primaryimage","url":"https:\/\/babycust.com\/wp-content\/uploads\/2024\/02\/babouches-vertes-pour-enfant.jpeg","contentUrl":"https:\/\/babycust.com\/wp-content\/uploads\/2024\/02\/babouches-vertes-pour-enfant.jpeg","width":800,"height":800,"caption":"Babuchas verdes para ni\u00f1os"},{"@type":"BreadcrumbList","@id":"https:\/\/babycust.com\/es\/producto\/babuchas-verde-esmeralda\/#breadcrumb","itemListElement":[{"@type":"ListItem","position":1,"name":"Accueil","item":"https:\/\/babycust.com\/es\/"},{"@type":"ListItem","position":2,"name":"Tienda","item":"https:\/\/babycust.com\/es\/tienda-2\/"},{"@type":"ListItem","position":3,"name":"Babuchas &#8211; Verde Esmeralda"}]},{"@type":"WebSite","@id":"https:\/\/babycust.com\/es\/#website","url":"https:\/\/babycust.com\/es\/","name":"BabyCust","description":"Jabador et Caftan pour Enfants","publisher":{"@id":"https:\/\/babycust.com\/es\/#organization"},"potentialAction":[{"@type":"SearchAction","target":{"@type":"EntryPoint","urlTemplate":"https:\/\/babycust.com\/es\/?s={search_term_string}"},"query-input":{"@type":"PropertyValueSpecification","valueRequired":true,"valueName":"search_term_string"}}],"inLanguage":"es"},{"@type":"Organization","@id":"https:\/\/babycust.com\/es\/#organization","name":"BabyCust","url":"https:\/\/babycust.com\/es\/","logo":{"@type":"ImageObject","inLanguage":"es","@id":"https:\/\/babycust.com\/es\/#\/schema\/logo\/image\/","url":"https:\/\/babycust.com\/wp-content\/uploads\/2024\/06\/logo-babycust.png","contentUrl":"https:\/\/babycust.com\/wp-content\/uploads\/2024\/06\/logo-babycust.png","width":1080,"height":508,"caption":"BabyCust"},"image":{"@id":"https:\/\/babycust.com\/es\/#\/schema\/logo\/image\/"}}]}},"jetpack_sharing_enabled":true,"_links":{"self":[{"href":"https:\/\/babycust.com\/es\/wp-json\/wp\/v2\/product\/14035","targetHints":{"allow":["GET"]}}],"collection":[{"href":"https:\/\/babycust.com\/es\/wp-json\/wp\/v2\/product"}],"about":[{"href":"https:\/\/babycust.com\/es\/wp-json\/wp\/v2\/types\/product"}],"replies":[{"embeddable":true,"href":"https:\/\/babycust.com\/es\/wp-json\/wp\/v2\/comments?post=14035"}],"version-history":[{"count":0,"href":"https:\/\/babycust.com\/es\/wp-json\/wp\/v2\/product\/14035\/revisions"}],"wp:featuredmedia":[{"embeddable":true,"href":"https:\/\/babycust.com\/es\/wp-json\/wp\/v2\/media\/10898"}],"wp:attachment":[{"href":"https:\/\/babycust.com\/es\/wp-json\/wp\/v2\/media?parent=14035"}],"wp:term":[{"taxonomy":"brand","embeddable":true,"href":"https:\/\/babycust.com\/es\/wp-json\/wp\/v2\/etheme_brands?post=14035"},{"taxonomy":"product_brand","embeddable":true,"href":"https:\/\/babycust.com\/es\/wp-json\/wp\/v2\/product_brand?post=14035"},{"taxonomy":"product_cat","embeddable":true,"href":"https:\/\/babycust.com\/es\/wp-json\/wp\/v2\/product_cat?post=14035"},{"taxonomy":"product_tag","embeddable":true,"href":"https:\/\/babycust.com\/es\/wp-json\/wp\/v2\/product_tag?post=14035"}],"curies":[{"name":"wp","href":"https:\/\/api.w.org\/{rel}","templated":true}]}}