{"id":14192,"date":"2023-03-22T21:44:03","date_gmt":"2023-03-22T21:44:03","guid":{"rendered":"https:\/\/babycust.com\/produit\/babuchas-beige\/"},"modified":"2023-03-22T21:44:03","modified_gmt":"2023-03-22T21:44:03","slug":"babuchas-beige","status":"publish","type":"product","link":"https:\/\/babycust.com\/es\/producto\/babuchas-beige\/","title":{"rendered":"Babuchas &#8211; Beige"},"content":{"rendered":"<p>Preciosas Babuchas beige para beb\u00e9s y ni\u00f1os<\/p>\n<p>&#8211; Babuchas beige con puntera en punta<br \/>\n&#8211; Bonito motivo de espada \u00e1rabe en la parte superior<br \/>\n&#8211; Piel suave y c\u00f3moda<br \/>\n&#8211; Artesan\u00eda marroqu\u00ed<br \/>\n&#8211; Suela de goma para una m\u00e1xima resistencia<br \/>\n&#8211; Este par es perfecto para completar el atuendo de su hijo o beb\u00e9 en d\u00edas especiales (ayuda, circuncisi\u00f3n \u00abtahara\u00bb, boda,&#8230;)<br \/>\n&#8211; BabyCust ofrece una amplia gama de trajes tradicionales marroqu\u00edes para sus celebraciones, eche un vistazo a nuestra p\u00e1gina web.<\/p>\n<p>Tallas : 19 &#8211; 20 &#8211; 21 &#8211; 22 &#8211; 23 &#8211; 24<\/p>\n","protected":false},"excerpt":{"rendered":"<p>Preciosas Babuchas beige para beb\u00e9s y ni\u00f1os &#8211; Babuchas beige con puntera en punta &#8211; Bonito motivo de espada \u00e1rabe en la parte superior &#8211; Piel suave y c\u00f3moda &#8211; Artesan\u00eda marroqu\u00ed &#8211; Suela de goma para una m\u00e1xima resistencia &#8211; Este par es perfecto&#8230;<\/p>\n","protected":false},"featured_media":9400,"comment_status":"open","ping_status":"closed","template":"","meta":{"_monsterinsights_skip_tracking":false,"_monsterinsights_sitenote_active":false,"_monsterinsights_sitenote_note":"","_monsterinsights_sitenote_category":0},"etheme_brands":[],"product_brand":[],"product_cat":[286],"product_tag":[],"class_list":{"0":"post-14192","1":"product","2":"type-product","3":"status-publish","4":"has-post-thumbnail","6":"product_cat-babuchas-ninos","7":"product_shipping_class-0kg-0250kg-es","9":"first","10":"outofstock","11":"shipping-taxable","12":"purchasable","13":"product-type-variable"},"yoast_head":"<!-- This site is optimized with the Yoast SEO plugin v27.0 - https:\/\/yoast.com\/product\/yoast-seo-wordpress\/ -->\n<title>Babuchas Beige para Ninos y Beb\u00e9s - BabyCust<\/title>\n<meta name=\"description\" content=\"Descubre este magn\u00edfico par de babuchas beige directamente desde Marruecos para ni\u00f1os y beb\u00e9s. Perfectos para Eid, bodas, fiestas...\" \/>\n<meta name=\"robots\" content=\"index, follow, max-snippet:-1, max-image-preview:large, max-video-preview:-1\" \/>\n<link rel=\"canonical\" href=\"https:\/\/babycust.com\/es\/producto\/babuchas-beige\/\" \/>\n<meta property=\"og:locale\" content=\"es_ES\" \/>\n<meta property=\"og:type\" content=\"article\" \/>\n<meta property=\"og:title\" content=\"Babuchas Beige para Ninos y Beb\u00e9s - BabyCust\" \/>\n<meta property=\"og:description\" content=\"Descubre este magn\u00edfico par de babuchas beige directamente desde Marruecos para ni\u00f1os y beb\u00e9s. Perfectos para Eid, bodas, fiestas...\" \/>\n<meta property=\"og:url\" content=\"https:\/\/babycust.com\/es\/producto\/babuchas-beige\/\" \/>\n<meta property=\"og:site_name\" content=\"BabyCust\" \/>\n<meta property=\"og:image\" content=\"https:\/\/babycust.com\/wp-content\/uploads\/2023\/03\/babouches-pour-enfants-beige.jpg\" \/>\n\t<meta property=\"og:image:width\" content=\"1000\" \/>\n\t<meta property=\"og:image:height\" content=\"1000\" \/>\n\t<meta property=\"og:image:type\" content=\"image\/jpeg\" \/>\n<meta name=\"twitter:card\" content=\"summary_large_image\" \/>\n<script type=\"application\/ld+json\" class=\"yoast-schema-graph\">{\"@context\":\"https:\/\/schema.org\",\"@graph\":[{\"@type\":\"WebPage\",\"@id\":\"https:\/\/babycust.com\/es\/producto\/babuchas-beige\/\",\"url\":\"https:\/\/babycust.com\/es\/producto\/babuchas-beige\/\",\"name\":\"Babuchas Beige para Ninos y Beb\u00e9s - BabyCust\",\"isPartOf\":{\"@id\":\"https:\/\/babycust.com\/es\/#website\"},\"primaryImageOfPage\":{\"@id\":\"https:\/\/babycust.com\/es\/producto\/babuchas-beige\/#primaryimage\"},\"image\":{\"@id\":\"https:\/\/babycust.com\/es\/producto\/babuchas-beige\/#primaryimage\"},\"thumbnailUrl\":\"https:\/\/babycust.com\/wp-content\/uploads\/2023\/03\/babouches-pour-enfants-beige.jpg\",\"datePublished\":\"2023-03-22T21:44:03+00:00\",\"description\":\"Descubre este magn\u00edfico par de babuchas beige directamente desde Marruecos para ni\u00f1os y beb\u00e9s. Perfectos para Eid, bodas, fiestas...\",\"breadcrumb\":{\"@id\":\"https:\/\/babycust.com\/es\/producto\/babuchas-beige\/#breadcrumb\"},\"inLanguage\":\"es\",\"potentialAction\":[{\"@type\":\"ReadAction\",\"target\":[\"https:\/\/babycust.com\/es\/producto\/babuchas-beige\/\"]}]},{\"@type\":\"ImageObject\",\"inLanguage\":\"es\",\"@id\":\"https:\/\/babycust.com\/es\/producto\/babuchas-beige\/#primaryimage\",\"url\":\"https:\/\/babycust.com\/wp-content\/uploads\/2023\/03\/babouches-pour-enfants-beige.jpg\",\"contentUrl\":\"https:\/\/babycust.com\/wp-content\/uploads\/2023\/03\/babouches-pour-enfants-beige.jpg\",\"width\":1000,\"height\":1000},{\"@type\":\"BreadcrumbList\",\"@id\":\"https:\/\/babycust.com\/es\/producto\/babuchas-beige\/#breadcrumb\",\"itemListElement\":[{\"@type\":\"ListItem\",\"position\":1,\"name\":\"Accueil\",\"item\":\"https:\/\/babycust.com\/es\/\"},{\"@type\":\"ListItem\",\"position\":2,\"name\":\"Tienda\",\"item\":\"https:\/\/babycust.com\/es\/tienda-2\/\"},{\"@type\":\"ListItem\",\"position\":3,\"name\":\"Babuchas &#8211; Beige\"}]},{\"@type\":\"WebSite\",\"@id\":\"https:\/\/babycust.com\/es\/#website\",\"url\":\"https:\/\/babycust.com\/es\/\",\"name\":\"BabyCust\",\"description\":\"Jabador et Caftan pour Enfants\",\"publisher\":{\"@id\":\"https:\/\/babycust.com\/es\/#organization\"},\"potentialAction\":[{\"@type\":\"SearchAction\",\"target\":{\"@type\":\"EntryPoint\",\"urlTemplate\":\"https:\/\/babycust.com\/es\/?s={search_term_string}\"},\"query-input\":{\"@type\":\"PropertyValueSpecification\",\"valueRequired\":true,\"valueName\":\"search_term_string\"}}],\"inLanguage\":\"es\"},{\"@type\":\"Organization\",\"@id\":\"https:\/\/babycust.com\/es\/#organization\",\"name\":\"BabyCust\",\"url\":\"https:\/\/babycust.com\/es\/\",\"logo\":{\"@type\":\"ImageObject\",\"inLanguage\":\"es\",\"@id\":\"https:\/\/babycust.com\/es\/#\/schema\/logo\/image\/\",\"url\":\"https:\/\/babycust.com\/wp-content\/uploads\/2024\/06\/logo-babycust.png\",\"contentUrl\":\"https:\/\/babycust.com\/wp-content\/uploads\/2024\/06\/logo-babycust.png\",\"width\":1080,\"height\":508,\"caption\":\"BabyCust\"},\"image\":{\"@id\":\"https:\/\/babycust.com\/es\/#\/schema\/logo\/image\/\"}}]}<\/script>\n<!-- \/ Yoast SEO plugin. -->","yoast_head_json":{"title":"Babuchas Beige para Ninos y Beb\u00e9s - BabyCust","description":"Descubre este magn\u00edfico par de babuchas beige directamente desde Marruecos para ni\u00f1os y beb\u00e9s. Perfectos para Eid, bodas, fiestas...","robots":{"index":"index","follow":"follow","max-snippet":"max-snippet:-1","max-image-preview":"max-image-preview:large","max-video-preview":"max-video-preview:-1"},"canonical":"https:\/\/babycust.com\/es\/producto\/babuchas-beige\/","og_locale":"es_ES","og_type":"article","og_title":"Babuchas Beige para Ninos y Beb\u00e9s - BabyCust","og_description":"Descubre este magn\u00edfico par de babuchas beige directamente desde Marruecos para ni\u00f1os y beb\u00e9s. Perfectos para Eid, bodas, fiestas...","og_url":"https:\/\/babycust.com\/es\/producto\/babuchas-beige\/","og_site_name":"BabyCust","og_image":[{"width":1000,"height":1000,"url":"https:\/\/babycust.com\/wp-content\/uploads\/2023\/03\/babouches-pour-enfants-beige.jpg","type":"image\/jpeg"}],"twitter_card":"summary_large_image","schema":{"@context":"https:\/\/schema.org","@graph":[{"@type":"WebPage","@id":"https:\/\/babycust.com\/es\/producto\/babuchas-beige\/","url":"https:\/\/babycust.com\/es\/producto\/babuchas-beige\/","name":"Babuchas Beige para Ninos y Beb\u00e9s - BabyCust","isPartOf":{"@id":"https:\/\/babycust.com\/es\/#website"},"primaryImageOfPage":{"@id":"https:\/\/babycust.com\/es\/producto\/babuchas-beige\/#primaryimage"},"image":{"@id":"https:\/\/babycust.com\/es\/producto\/babuchas-beige\/#primaryimage"},"thumbnailUrl":"https:\/\/babycust.com\/wp-content\/uploads\/2023\/03\/babouches-pour-enfants-beige.jpg","datePublished":"2023-03-22T21:44:03+00:00","description":"Descubre este magn\u00edfico par de babuchas beige directamente desde Marruecos para ni\u00f1os y beb\u00e9s. Perfectos para Eid, bodas, fiestas...","breadcrumb":{"@id":"https:\/\/babycust.com\/es\/producto\/babuchas-beige\/#breadcrumb"},"inLanguage":"es","potentialAction":[{"@type":"ReadAction","target":["https:\/\/babycust.com\/es\/producto\/babuchas-beige\/"]}]},{"@type":"ImageObject","inLanguage":"es","@id":"https:\/\/babycust.com\/es\/producto\/babuchas-beige\/#primaryimage","url":"https:\/\/babycust.com\/wp-content\/uploads\/2023\/03\/babouches-pour-enfants-beige.jpg","contentUrl":"https:\/\/babycust.com\/wp-content\/uploads\/2023\/03\/babouches-pour-enfants-beige.jpg","width":1000,"height":1000},{"@type":"BreadcrumbList","@id":"https:\/\/babycust.com\/es\/producto\/babuchas-beige\/#breadcrumb","itemListElement":[{"@type":"ListItem","position":1,"name":"Accueil","item":"https:\/\/babycust.com\/es\/"},{"@type":"ListItem","position":2,"name":"Tienda","item":"https:\/\/babycust.com\/es\/tienda-2\/"},{"@type":"ListItem","position":3,"name":"Babuchas &#8211; Beige"}]},{"@type":"WebSite","@id":"https:\/\/babycust.com\/es\/#website","url":"https:\/\/babycust.com\/es\/","name":"BabyCust","description":"Jabador et Caftan pour Enfants","publisher":{"@id":"https:\/\/babycust.com\/es\/#organization"},"potentialAction":[{"@type":"SearchAction","target":{"@type":"EntryPoint","urlTemplate":"https:\/\/babycust.com\/es\/?s={search_term_string}"},"query-input":{"@type":"PropertyValueSpecification","valueRequired":true,"valueName":"search_term_string"}}],"inLanguage":"es"},{"@type":"Organization","@id":"https:\/\/babycust.com\/es\/#organization","name":"BabyCust","url":"https:\/\/babycust.com\/es\/","logo":{"@type":"ImageObject","inLanguage":"es","@id":"https:\/\/babycust.com\/es\/#\/schema\/logo\/image\/","url":"https:\/\/babycust.com\/wp-content\/uploads\/2024\/06\/logo-babycust.png","contentUrl":"https:\/\/babycust.com\/wp-content\/uploads\/2024\/06\/logo-babycust.png","width":1080,"height":508,"caption":"BabyCust"},"image":{"@id":"https:\/\/babycust.com\/es\/#\/schema\/logo\/image\/"}}]}},"jetpack_sharing_enabled":true,"_links":{"self":[{"href":"https:\/\/babycust.com\/es\/wp-json\/wp\/v2\/product\/14192","targetHints":{"allow":["GET"]}}],"collection":[{"href":"https:\/\/babycust.com\/es\/wp-json\/wp\/v2\/product"}],"about":[{"href":"https:\/\/babycust.com\/es\/wp-json\/wp\/v2\/types\/product"}],"replies":[{"embeddable":true,"href":"https:\/\/babycust.com\/es\/wp-json\/wp\/v2\/comments?post=14192"}],"version-history":[{"count":0,"href":"https:\/\/babycust.com\/es\/wp-json\/wp\/v2\/product\/14192\/revisions"}],"wp:featuredmedia":[{"embeddable":true,"href":"https:\/\/babycust.com\/es\/wp-json\/wp\/v2\/media\/9400"}],"wp:attachment":[{"href":"https:\/\/babycust.com\/es\/wp-json\/wp\/v2\/media?parent=14192"}],"wp:term":[{"taxonomy":"brand","embeddable":true,"href":"https:\/\/babycust.com\/es\/wp-json\/wp\/v2\/etheme_brands?post=14192"},{"taxonomy":"product_brand","embeddable":true,"href":"https:\/\/babycust.com\/es\/wp-json\/wp\/v2\/product_brand?post=14192"},{"taxonomy":"product_cat","embeddable":true,"href":"https:\/\/babycust.com\/es\/wp-json\/wp\/v2\/product_cat?post=14192"},{"taxonomy":"product_tag","embeddable":true,"href":"https:\/\/babycust.com\/es\/wp-json\/wp\/v2\/product_tag?post=14192"}],"curies":[{"name":"wp","href":"https:\/\/api.w.org\/{rel}","templated":true}]}}