{"id":14210,"date":"2022-06-12T15:53:40","date_gmt":"2022-06-12T15:53:40","guid":{"rendered":"https:\/\/babycust.com\/produit\/14210\/"},"modified":"2026-01-05T12:41:02","modified_gmt":"2026-01-05T12:41:02","slug":"babuchas-bebe-nino-blanco","status":"publish","type":"product","link":"https:\/\/babycust.com\/es\/producto\/babuchas-bebe-nino-blanco\/","title":{"rendered":"Babuchas &#8211; Blanco"},"content":{"rendered":"<p>Preciosas zapatillas blancas para beb\u00e9s y ni\u00f1os<\/p>\n<p>&#8211; Zapatillas blancas con puntera en punta<br \/>\n&#8211; Bonito motivo \u00e1rabe en la parte superior<br \/>\n&#8211; Piel blanca suave y c\u00f3moda<br \/>\n&#8211; Artesan\u00eda marroqu\u00ed<br \/>\n&#8211; Suela de goma para una m\u00e1xima durabilidad<br \/>\n&#8211; Este par es perfecto para completar el atuendo de su ni\u00f1o o beb\u00e9 para sus d\u00edas festivos (Aid, \u00abtahara\u00bb circuncisi\u00f3n, boda,&#8230;)<br \/>\n&#8211; BabyCust ofrece una amplia gama de trajes tradicionales marroqu\u00edes para sus celebraciones, eche un vistazo a nuestra p\u00e1gina web.<\/p>\n<p>Tallas : 20 &#8211; 21 &#8211; 22 &#8211; 23 &#8211; 24 &#8211; 25 &#8211; 26<\/p>\n","protected":false},"excerpt":{"rendered":"<p>Preciosas zapatillas blancas para beb\u00e9s y ni\u00f1os &#8211; Zapatillas blancas con puntera en punta &#8211; Bonito motivo \u00e1rabe en la parte superior &#8211; Piel blanca suave y c\u00f3moda &#8211; Artesan\u00eda marroqu\u00ed &#8211; Suela de goma para una m\u00e1xima durabilidad &#8211; Este par es perfecto para&#8230;<\/p>\n","protected":false},"featured_media":10851,"comment_status":"open","ping_status":"closed","template":"","meta":{"_monsterinsights_skip_tracking":false,"_monsterinsights_sitenote_active":false,"_monsterinsights_sitenote_note":"","_monsterinsights_sitenote_category":0},"etheme_brands":[],"product_brand":[],"product_cat":[286],"product_tag":[],"class_list":{"0":"post-14210","1":"product","2":"type-product","3":"status-publish","4":"has-post-thumbnail","6":"product_cat-babuchas-ninos","7":"product_shipping_class-0kg-0250kg-es","9":"first","10":"outofstock","11":"shipping-taxable","12":"purchasable","13":"product-type-variable"},"yoast_head":"<!-- This site is optimized with the Yoast SEO plugin v27.0 - https:\/\/yoast.com\/product\/yoast-seo-wordpress\/ -->\n<title>Babuchas Blancas para Beb\u00e9 y Nino - BabyCust<\/title>\n<meta name=\"description\" content=\"Preciosas zapatillas blancas para beb\u00e9s y ni\u00f1os. Chanclas tradicionales marroqu\u00edes. Tallas: 19, 20, 21, 22, 23, 24\" \/>\n<meta name=\"robots\" content=\"index, follow, max-snippet:-1, max-image-preview:large, max-video-preview:-1\" \/>\n<link rel=\"canonical\" href=\"https:\/\/babycust.com\/es\/producto\/babuchas-bebe-nino-blanco\/\" \/>\n<meta property=\"og:locale\" content=\"es_ES\" \/>\n<meta property=\"og:type\" content=\"article\" \/>\n<meta property=\"og:title\" content=\"Babuchas Blancas para Beb\u00e9 y Nino - BabyCust\" \/>\n<meta property=\"og:description\" content=\"Preciosas zapatillas blancas para beb\u00e9s y ni\u00f1os. Chanclas tradicionales marroqu\u00edes. Tallas: 19, 20, 21, 22, 23, 24\" \/>\n<meta property=\"og:url\" content=\"https:\/\/babycust.com\/es\/producto\/babuchas-bebe-nino-blanco\/\" \/>\n<meta property=\"og:site_name\" content=\"BabyCust\" \/>\n<meta property=\"article:modified_time\" content=\"2026-01-05T12:41:02+00:00\" \/>\n<meta property=\"og:image\" content=\"https:\/\/babycust.com\/wp-content\/uploads\/2022\/06\/babouches-blanches-pour-enfant.jpeg\" \/>\n\t<meta property=\"og:image:width\" content=\"844\" \/>\n\t<meta property=\"og:image:height\" content=\"844\" \/>\n\t<meta property=\"og:image:type\" content=\"image\/jpeg\" \/>\n<meta name=\"twitter:card\" content=\"summary_large_image\" \/>\n<script type=\"application\/ld+json\" class=\"yoast-schema-graph\">{\"@context\":\"https:\/\/schema.org\",\"@graph\":[{\"@type\":\"WebPage\",\"@id\":\"https:\/\/babycust.com\/es\/producto\/babuchas-bebe-nino-blanco\/\",\"url\":\"https:\/\/babycust.com\/es\/producto\/babuchas-bebe-nino-blanco\/\",\"name\":\"Babuchas Blancas para Beb\u00e9 y Nino - BabyCust\",\"isPartOf\":{\"@id\":\"https:\/\/babycust.com\/es\/#website\"},\"primaryImageOfPage\":{\"@id\":\"https:\/\/babycust.com\/es\/producto\/babuchas-bebe-nino-blanco\/#primaryimage\"},\"image\":{\"@id\":\"https:\/\/babycust.com\/es\/producto\/babuchas-bebe-nino-blanco\/#primaryimage\"},\"thumbnailUrl\":\"https:\/\/babycust.com\/wp-content\/uploads\/2022\/06\/babouches-blanches-pour-enfant.jpeg\",\"datePublished\":\"2022-06-12T15:53:40+00:00\",\"dateModified\":\"2026-01-05T12:41:02+00:00\",\"description\":\"Preciosas zapatillas blancas para beb\u00e9s y ni\u00f1os. Chanclas tradicionales marroqu\u00edes. Tallas: 19, 20, 21, 22, 23, 24\",\"breadcrumb\":{\"@id\":\"https:\/\/babycust.com\/es\/producto\/babuchas-bebe-nino-blanco\/#breadcrumb\"},\"inLanguage\":\"es\",\"potentialAction\":[{\"@type\":\"ReadAction\",\"target\":[\"https:\/\/babycust.com\/es\/producto\/babuchas-bebe-nino-blanco\/\"]}]},{\"@type\":\"ImageObject\",\"inLanguage\":\"es\",\"@id\":\"https:\/\/babycust.com\/es\/producto\/babuchas-bebe-nino-blanco\/#primaryimage\",\"url\":\"https:\/\/babycust.com\/wp-content\/uploads\/2022\/06\/babouches-blanches-pour-enfant.jpeg\",\"contentUrl\":\"https:\/\/babycust.com\/wp-content\/uploads\/2022\/06\/babouches-blanches-pour-enfant.jpeg\",\"width\":844,\"height\":844},{\"@type\":\"BreadcrumbList\",\"@id\":\"https:\/\/babycust.com\/es\/producto\/babuchas-bebe-nino-blanco\/#breadcrumb\",\"itemListElement\":[{\"@type\":\"ListItem\",\"position\":1,\"name\":\"Accueil\",\"item\":\"https:\/\/babycust.com\/es\/\"},{\"@type\":\"ListItem\",\"position\":2,\"name\":\"Tienda\",\"item\":\"https:\/\/babycust.com\/es\/tienda-2\/\"},{\"@type\":\"ListItem\",\"position\":3,\"name\":\"Babuchas &#8211; Blanco\"}]},{\"@type\":\"WebSite\",\"@id\":\"https:\/\/babycust.com\/es\/#website\",\"url\":\"https:\/\/babycust.com\/es\/\",\"name\":\"BabyCust\",\"description\":\"Jabador et Caftan pour Enfants\",\"publisher\":{\"@id\":\"https:\/\/babycust.com\/es\/#organization\"},\"potentialAction\":[{\"@type\":\"SearchAction\",\"target\":{\"@type\":\"EntryPoint\",\"urlTemplate\":\"https:\/\/babycust.com\/es\/?s={search_term_string}\"},\"query-input\":{\"@type\":\"PropertyValueSpecification\",\"valueRequired\":true,\"valueName\":\"search_term_string\"}}],\"inLanguage\":\"es\"},{\"@type\":\"Organization\",\"@id\":\"https:\/\/babycust.com\/es\/#organization\",\"name\":\"BabyCust\",\"url\":\"https:\/\/babycust.com\/es\/\",\"logo\":{\"@type\":\"ImageObject\",\"inLanguage\":\"es\",\"@id\":\"https:\/\/babycust.com\/es\/#\/schema\/logo\/image\/\",\"url\":\"https:\/\/babycust.com\/wp-content\/uploads\/2024\/06\/logo-babycust.png\",\"contentUrl\":\"https:\/\/babycust.com\/wp-content\/uploads\/2024\/06\/logo-babycust.png\",\"width\":1080,\"height\":508,\"caption\":\"BabyCust\"},\"image\":{\"@id\":\"https:\/\/babycust.com\/es\/#\/schema\/logo\/image\/\"}}]}<\/script>\n<!-- \/ Yoast SEO plugin. -->","yoast_head_json":{"title":"Babuchas Blancas para Beb\u00e9 y Nino - BabyCust","description":"Preciosas zapatillas blancas para beb\u00e9s y ni\u00f1os. Chanclas tradicionales marroqu\u00edes. Tallas: 19, 20, 21, 22, 23, 24","robots":{"index":"index","follow":"follow","max-snippet":"max-snippet:-1","max-image-preview":"max-image-preview:large","max-video-preview":"max-video-preview:-1"},"canonical":"https:\/\/babycust.com\/es\/producto\/babuchas-bebe-nino-blanco\/","og_locale":"es_ES","og_type":"article","og_title":"Babuchas Blancas para Beb\u00e9 y Nino - BabyCust","og_description":"Preciosas zapatillas blancas para beb\u00e9s y ni\u00f1os. Chanclas tradicionales marroqu\u00edes. Tallas: 19, 20, 21, 22, 23, 24","og_url":"https:\/\/babycust.com\/es\/producto\/babuchas-bebe-nino-blanco\/","og_site_name":"BabyCust","article_modified_time":"2026-01-05T12:41:02+00:00","og_image":[{"width":844,"height":844,"url":"https:\/\/babycust.com\/wp-content\/uploads\/2022\/06\/babouches-blanches-pour-enfant.jpeg","type":"image\/jpeg"}],"twitter_card":"summary_large_image","schema":{"@context":"https:\/\/schema.org","@graph":[{"@type":"WebPage","@id":"https:\/\/babycust.com\/es\/producto\/babuchas-bebe-nino-blanco\/","url":"https:\/\/babycust.com\/es\/producto\/babuchas-bebe-nino-blanco\/","name":"Babuchas Blancas para Beb\u00e9 y Nino - BabyCust","isPartOf":{"@id":"https:\/\/babycust.com\/es\/#website"},"primaryImageOfPage":{"@id":"https:\/\/babycust.com\/es\/producto\/babuchas-bebe-nino-blanco\/#primaryimage"},"image":{"@id":"https:\/\/babycust.com\/es\/producto\/babuchas-bebe-nino-blanco\/#primaryimage"},"thumbnailUrl":"https:\/\/babycust.com\/wp-content\/uploads\/2022\/06\/babouches-blanches-pour-enfant.jpeg","datePublished":"2022-06-12T15:53:40+00:00","dateModified":"2026-01-05T12:41:02+00:00","description":"Preciosas zapatillas blancas para beb\u00e9s y ni\u00f1os. Chanclas tradicionales marroqu\u00edes. Tallas: 19, 20, 21, 22, 23, 24","breadcrumb":{"@id":"https:\/\/babycust.com\/es\/producto\/babuchas-bebe-nino-blanco\/#breadcrumb"},"inLanguage":"es","potentialAction":[{"@type":"ReadAction","target":["https:\/\/babycust.com\/es\/producto\/babuchas-bebe-nino-blanco\/"]}]},{"@type":"ImageObject","inLanguage":"es","@id":"https:\/\/babycust.com\/es\/producto\/babuchas-bebe-nino-blanco\/#primaryimage","url":"https:\/\/babycust.com\/wp-content\/uploads\/2022\/06\/babouches-blanches-pour-enfant.jpeg","contentUrl":"https:\/\/babycust.com\/wp-content\/uploads\/2022\/06\/babouches-blanches-pour-enfant.jpeg","width":844,"height":844},{"@type":"BreadcrumbList","@id":"https:\/\/babycust.com\/es\/producto\/babuchas-bebe-nino-blanco\/#breadcrumb","itemListElement":[{"@type":"ListItem","position":1,"name":"Accueil","item":"https:\/\/babycust.com\/es\/"},{"@type":"ListItem","position":2,"name":"Tienda","item":"https:\/\/babycust.com\/es\/tienda-2\/"},{"@type":"ListItem","position":3,"name":"Babuchas &#8211; Blanco"}]},{"@type":"WebSite","@id":"https:\/\/babycust.com\/es\/#website","url":"https:\/\/babycust.com\/es\/","name":"BabyCust","description":"Jabador et Caftan pour Enfants","publisher":{"@id":"https:\/\/babycust.com\/es\/#organization"},"potentialAction":[{"@type":"SearchAction","target":{"@type":"EntryPoint","urlTemplate":"https:\/\/babycust.com\/es\/?s={search_term_string}"},"query-input":{"@type":"PropertyValueSpecification","valueRequired":true,"valueName":"search_term_string"}}],"inLanguage":"es"},{"@type":"Organization","@id":"https:\/\/babycust.com\/es\/#organization","name":"BabyCust","url":"https:\/\/babycust.com\/es\/","logo":{"@type":"ImageObject","inLanguage":"es","@id":"https:\/\/babycust.com\/es\/#\/schema\/logo\/image\/","url":"https:\/\/babycust.com\/wp-content\/uploads\/2024\/06\/logo-babycust.png","contentUrl":"https:\/\/babycust.com\/wp-content\/uploads\/2024\/06\/logo-babycust.png","width":1080,"height":508,"caption":"BabyCust"},"image":{"@id":"https:\/\/babycust.com\/es\/#\/schema\/logo\/image\/"}}]}},"jetpack_sharing_enabled":true,"_links":{"self":[{"href":"https:\/\/babycust.com\/es\/wp-json\/wp\/v2\/product\/14210","targetHints":{"allow":["GET"]}}],"collection":[{"href":"https:\/\/babycust.com\/es\/wp-json\/wp\/v2\/product"}],"about":[{"href":"https:\/\/babycust.com\/es\/wp-json\/wp\/v2\/types\/product"}],"replies":[{"embeddable":true,"href":"https:\/\/babycust.com\/es\/wp-json\/wp\/v2\/comments?post=14210"}],"version-history":[{"count":1,"href":"https:\/\/babycust.com\/es\/wp-json\/wp\/v2\/product\/14210\/revisions"}],"predecessor-version":[{"id":14219,"href":"https:\/\/babycust.com\/es\/wp-json\/wp\/v2\/product\/14210\/revisions\/14219"}],"wp:featuredmedia":[{"embeddable":true,"href":"https:\/\/babycust.com\/es\/wp-json\/wp\/v2\/media\/10851"}],"wp:attachment":[{"href":"https:\/\/babycust.com\/es\/wp-json\/wp\/v2\/media?parent=14210"}],"wp:term":[{"taxonomy":"brand","embeddable":true,"href":"https:\/\/babycust.com\/es\/wp-json\/wp\/v2\/etheme_brands?post=14210"},{"taxonomy":"product_brand","embeddable":true,"href":"https:\/\/babycust.com\/es\/wp-json\/wp\/v2\/product_brand?post=14210"},{"taxonomy":"product_cat","embeddable":true,"href":"https:\/\/babycust.com\/es\/wp-json\/wp\/v2\/product_cat?post=14210"},{"taxonomy":"product_tag","embeddable":true,"href":"https:\/\/babycust.com\/es\/wp-json\/wp\/v2\/product_tag?post=14210"}],"curies":[{"name":"wp","href":"https:\/\/api.w.org\/{rel}","templated":true}]}}